{"id":3107,"date":"2023-09-22T21:37:35","date_gmt":"2023-09-22T19:37:35","guid":{"rendered":"https:\/\/sultanspices.es\/?post_type=product&#038;p=3107"},"modified":"2026-02-23T12:41:10","modified_gmt":"2026-02-23T11:41:10","slug":"pataks-mixed-pickle-2-3kg","status":"publish","type":"product","link":"https:\/\/sultanspices.es\/es\/producto\/pataks-mezcla-de-pepinillos-2-3kg\/","title":{"rendered":"ENCURTIDOS MIXTOS PATAKS 2,3KG"},"content":{"rendered":"<div class=\"group w-full text-gray-800 dark:text-gray-100 border-b border-black\/10 dark:border-gray-900\/50 bg-gray-50 dark:bg-[#444654]\">\n<div class=\"flex p-4 gap-4 text-base md:gap-6 md:max-w-2xl lg:max-w-[38rem] xl:max-w-3xl md:py-6 lg:px-0 m-auto\">\n<div class=\"relative flex w-[calc(100%-50px)] flex-col gap-1 md:gap-3 lg:w-[calc(100%-115px)]\">\n<div class=\"flex flex-grow flex-col gap-3\">\n<div class=\"min-h-[20px] flex items-start overflow-x-auto whitespace-pre-wrap break-words flex-col gap-4\">\n<div class=\"markdown prose w-full break-words dark:prose-invert light\">\n<p>Del\u00e9itese con los sabores picantes y especiados de Patak's Mixed Pickle. Este tarro de 2,3 kg ofrece un delicioso surtido de verduras encurtidas y especias, creando una mezcla perfecta de sabor y textura. Patak's Mixed Pickle se elabora con ingredientes cuidadosamente seleccionados, como mango, lima y chiles verdes, para ofrecer una explosi\u00f3n de sabor en cada bocado. Combina bien con una gran variedad de platos, como curry, s\u00e1ndwiches y arroz. Eleve su experiencia culinaria con el aut\u00e9ntico sabor de Patak's Mixed Pickle. Disponible para su compra en l\u00ednea, saboree el sabor \u00e1cido de este cl\u00e1sico encurtido indio.<\/p>\n<p>Palabras clave: Patak's Mixed Pickle, tarro de 2,3 kg, compra online, sabores picantes y especiados, surtido de verduras encurtidas, sabor delicioso, mango, lima, chiles verdes, explosi\u00f3n de sabor, condimento vers\u00e1til, curry, s\u00e1ndwiches, arroz, eleva tu cocina, sabor aut\u00e9ntico, encurtido cl\u00e1sico de la India, compra online, saborea la bondad, compra online.<\/p>\n<\/div>\n<\/div>\n<\/div>\n<\/div>\n<\/div>\n<\/div>","protected":false},"excerpt":{"rendered":"<p>Del\u00e9itese con los sabores picantes y especiados de Patak's Mixed Pickle. Este tarro de 2,3 kg ofrece un delicioso surtido de verduras encurtidas y especias, creando una mezcla perfecta de sabor y textura. Patak's Mixed Pickle se elabora con ingredientes cuidadosamente seleccionados, como mango, lima y chiles verdes, para conseguir una explosi\u00f3n de sabor en cada bocado. Es...<\/p>","protected":false},"featured_media":2205,"comment_status":"closed","ping_status":"closed","template":"","meta":{"_kad_blocks_custom_css":"","_kad_blocks_head_custom_js":"","_kad_blocks_body_custom_js":"","_kad_blocks_footer_custom_js":"","_kadence_starter_templates_imported_post":false,"_kad_post_transparent":"","_kad_post_title":"","_kad_post_layout":"","_kad_post_sidebar_id":"","_kad_post_content_style":"","_kad_post_vertical_padding":"","_kad_post_feature":"","_kad_post_feature_position":"","_kad_post_header":false,"_kad_post_footer":false,"_kad_post_classname":""},"product_brand":[],"product_cat":[55],"product_tag":[],"class_list":{"0":"post-3107","1":"product","2":"type-product","3":"status-publish","4":"has-post-thumbnail","6":"product_cat-pastes","8":"first","9":"outofstock","10":"sold-individually","11":"shipping-taxable","12":"purchasable","13":"product-type-simple","14":"entry","15":"content-bg","16":"loop-entry"},"taxonomy_info":{"product_cat":[{"value":55,"label":"Pastes, Pickles &amp; Sauces"}]},"featured_image_src_large":["https:\/\/sultanspices.es\/wp-content\/uploads\/2023\/07\/PataksMixedPickle23kg.jpg",500,500,false],"author_info":[],"comment_info":0,"jetpack_sharing_enabled":true,"_links":{"self":[{"href":"https:\/\/sultanspices.es\/es\/wp-json\/wp\/v2\/product\/3107","targetHints":{"allow":["GET"]}}],"collection":[{"href":"https:\/\/sultanspices.es\/es\/wp-json\/wp\/v2\/product"}],"about":[{"href":"https:\/\/sultanspices.es\/es\/wp-json\/wp\/v2\/types\/product"}],"replies":[{"embeddable":true,"href":"https:\/\/sultanspices.es\/es\/wp-json\/wp\/v2\/comments?post=3107"}],"wp:featuredmedia":[{"embeddable":true,"href":"https:\/\/sultanspices.es\/es\/wp-json\/wp\/v2\/media\/2205"}],"wp:attachment":[{"href":"https:\/\/sultanspices.es\/es\/wp-json\/wp\/v2\/media?parent=3107"}],"wp:term":[{"taxonomy":"product_brand","embeddable":true,"href":"https:\/\/sultanspices.es\/es\/wp-json\/wp\/v2\/product_brand?post=3107"},{"taxonomy":"product_cat","embeddable":true,"href":"https:\/\/sultanspices.es\/es\/wp-json\/wp\/v2\/product_cat?post=3107"},{"taxonomy":"product_tag","embeddable":true,"href":"https:\/\/sultanspices.es\/es\/wp-json\/wp\/v2\/product_tag?post=3107"}],"curies":[{"name":"wp","href":"https:\/\/api.w.org\/{rel}","templated":true}]}}