{"id":3106,"date":"2023-09-22T21:37:35","date_gmt":"2023-09-22T19:37:35","guid":{"rendered":"https:\/\/sultanspices.es\/?post_type=product&#038;p=3106"},"modified":"2026-02-23T12:41:09","modified_gmt":"2026-02-23T11:41:09","slug":"pataks-madras-kebab-curry-paste-2-4kg","status":"publish","type":"product","link":"https:\/\/sultanspices.es\/es\/producto\/pataks-madras-kebab-pasta-de-curry-2-4kg\/","title":{"rendered":"PATAK MADRAS KEBAB CURRY PASTE 2.4KG"},"content":{"rendered":"<div class=\"group w-full text-gray-800 dark:text-gray-100 border-b border-black\/10 dark:border-gray-900\/50 bg-gray-50 dark:bg-[#444654]\">\n<div class=\"flex p-4 gap-4 text-base md:gap-6 md:max-w-2xl lg:max-w-[38rem] xl:max-w-3xl md:py-6 lg:px-0 m-auto\">\n<div class=\"relative flex w-[calc(100%-50px)] flex-col gap-1 md:gap-3 lg:w-[calc(100%-115px)]\">\n<div class=\"flex flex-grow flex-col gap-3\">\n<div class=\"min-h-[20px] flex items-start overflow-x-auto whitespace-pre-wrap break-words flex-col gap-4\">\n<div class=\"markdown prose w-full break-words dark:prose-invert light\">\n<p>Mejore sus platos de kebab con los sabores atrevidos y picantes de la pasta de curry Patak's Madras Kebab. Esta tarrina de 2,4 kg ofrece una pasta de curry rica y arom\u00e1tica, especialmente formulada para crear aut\u00e9nticos kebabs al estilo de Madr\u00e1s. La pasta de curry Patak's Madras Kebab se elabora con una mezcla de especias y hierbas cuidadosamente seleccionadas, como comino, cilantro, c\u00farcuma y chile, para ofrecer una explosi\u00f3n de sabores. A\u00f1ade profundidad y picante a sus preparaciones de kebab, garantizando una experiencia que le har\u00e1 la boca agua. Mejore sus creaciones culinarias con el aut\u00e9ntico sabor de la pasta de curry Patak's Madras Kebab. Disponible para su compra en l\u00ednea, saboree la audacia de esta cl\u00e1sica pasta de curry india.<\/p>\n<p>Palabras clave: Patak's Madras Kebab Curry Paste, tarrina de 2,4kg, compra online, sabores atrevidos y picantes, aut\u00e9ntico estilo Madr\u00e1s, rica pasta de curry, especias seleccionadas, hierbas arom\u00e1ticas, comino, cilantro, c\u00farcuma, chile, explosi\u00f3n de sabores, profundidad y picor, experiencia que hace la boca agua, eleva tu cocina, sabor aut\u00e9ntico, pasta de curry cl\u00e1sica de la India, compra online, saborea la audacia, compra online.<\/p>\n<\/div>\n<\/div>\n<\/div>\n<\/div>\n<\/div>\n<\/div>","protected":false},"excerpt":{"rendered":"<p>Mejore sus kebabs con los sabores atrevidos y picantes de la pasta de curry Patak's Madras Kebab. Esta tarrina de 2,4 kg ofrece una pasta de curry rica y arom\u00e1tica, especialmente formulada para crear aut\u00e9nticos kebabs al estilo de Madr\u00e1s. La pasta de curry Patak's Madras Kebab est\u00e1 elaborada con una mezcla de especias y hierbas cuidadosamente seleccionadas, como comino, cilantro, c\u00farcuma y chile,...<\/p>","protected":false},"featured_media":2210,"comment_status":"closed","ping_status":"closed","template":"","meta":{"_kad_blocks_custom_css":"","_kad_blocks_head_custom_js":"","_kad_blocks_body_custom_js":"","_kad_blocks_footer_custom_js":"","_kadence_starter_templates_imported_post":false,"_kad_post_transparent":"","_kad_post_title":"","_kad_post_layout":"","_kad_post_sidebar_id":"","_kad_post_content_style":"","_kad_post_vertical_padding":"","_kad_post_feature":"","_kad_post_feature_position":"","_kad_post_header":false,"_kad_post_footer":false,"_kad_post_classname":""},"product_brand":[],"product_cat":[55],"product_tag":[],"class_list":{"0":"post-3106","1":"product","2":"type-product","3":"status-publish","4":"has-post-thumbnail","6":"product_cat-pastes","8":"first","9":"instock","10":"sold-individually","11":"shipping-taxable","12":"purchasable","13":"product-type-simple","14":"entry","15":"content-bg","16":"loop-entry"},"taxonomy_info":{"product_cat":[{"value":55,"label":"Pastes, Pickles &amp; Sauces"}]},"featured_image_src_large":["https:\/\/sultanspices.es\/wp-content\/uploads\/2023\/07\/PataksMadrasKebabCurryPaste.jpg",1024,800,false],"author_info":[],"comment_info":0,"jetpack_sharing_enabled":true,"_links":{"self":[{"href":"https:\/\/sultanspices.es\/es\/wp-json\/wp\/v2\/product\/3106","targetHints":{"allow":["GET"]}}],"collection":[{"href":"https:\/\/sultanspices.es\/es\/wp-json\/wp\/v2\/product"}],"about":[{"href":"https:\/\/sultanspices.es\/es\/wp-json\/wp\/v2\/types\/product"}],"replies":[{"embeddable":true,"href":"https:\/\/sultanspices.es\/es\/wp-json\/wp\/v2\/comments?post=3106"}],"wp:featuredmedia":[{"embeddable":true,"href":"https:\/\/sultanspices.es\/es\/wp-json\/wp\/v2\/media\/2210"}],"wp:attachment":[{"href":"https:\/\/sultanspices.es\/es\/wp-json\/wp\/v2\/media?parent=3106"}],"wp:term":[{"taxonomy":"product_brand","embeddable":true,"href":"https:\/\/sultanspices.es\/es\/wp-json\/wp\/v2\/product_brand?post=3106"},{"taxonomy":"product_cat","embeddable":true,"href":"https:\/\/sultanspices.es\/es\/wp-json\/wp\/v2\/product_cat?post=3106"},{"taxonomy":"product_tag","embeddable":true,"href":"https:\/\/sultanspices.es\/es\/wp-json\/wp\/v2\/product_tag?post=3106"}],"curies":[{"name":"wp","href":"https:\/\/api.w.org\/{rel}","templated":true}]}}