{"id":3098,"date":"2023-09-22T21:37:34","date_gmt":"2023-09-22T19:37:34","guid":{"rendered":"https:\/\/sultanspices.es\/?post_type=product&#038;p=3098"},"modified":"2026-02-23T12:41:05","modified_gmt":"2026-02-23T11:41:05","slug":"national-sabzi-bhaji-130-g","status":"publish","type":"product","link":"https:\/\/sultanspices.es\/es\/producto\/nacional-sabzi-bhaji-130-g\/","title":{"rendered":"SABZI BHAJI NACIONAL 130 G"},"content":{"rendered":"<div class=\"group w-full text-gray-800 dark:text-gray-100 border-b border-black\/10 dark:border-gray-900\/50 bg-gray-50 dark:bg-[#444654]\">\n<div class=\"flex p-4 gap-4 text-base md:gap-6 md:max-w-2xl lg:max-w-[38rem] xl:max-w-3xl md:py-6 lg:px-0 m-auto\">\n<div class=\"relative flex w-[calc(100%-50px)] flex-col gap-1 md:gap-3 lg:w-[calc(100%-115px)]\">\n<div class=\"flex flex-grow flex-col gap-3\">\n<div class=\"min-h-[20px] flex items-start overflow-x-auto whitespace-pre-wrap break-words flex-col gap-4\">\n<div class=\"markdown prose w-full break-words dark:prose-invert light\">\n<p>A\u00f1ada una explosi\u00f3n de sabor a sus platos de verduras con National Sabzi Bhaji Masala. Este envase de 130 g contiene una mezcla especial de especias arom\u00e1ticas, cuidadosamente elaboradas para realzar el sabor de sus preparaciones de verduras. National Sabzi Bhaji Masala a\u00f1ade un toque picante y sabroso a salteados, currys y otros platos a base de verduras. Re\u00fane la combinaci\u00f3n perfecta de especias, como el comino, el cilantro y la c\u00farcuma, entre otras. Eleve su experiencia culinaria con el aut\u00e9ntico sabor de National Sabzi Bhaji Masala. Disponible para su compra en l\u00ednea, disfrute de los arom\u00e1ticos sabores de este masala en sus comidas caseras.<\/p>\n<p>Palabras clave: National Sabzi Bhaji Masala, envase de 130g, compra online, explosi\u00f3n de sabor, especias arom\u00e1ticas, realza platos de verduras, sabor picante, toque sabroso, salteados, currys, platos a base de verduras, comino, cilantro, c\u00farcuma, eleva tu cocina, sabor aut\u00e9ntico, sabores arom\u00e1ticos, compra online, compra online.<\/p>\n<\/div>\n<\/div>\n<\/div>\n<\/div>\n<\/div>\n<\/div>","protected":false},"excerpt":{"rendered":"<p>A\u00f1ada una explosi\u00f3n de sabor a sus platos de verduras con National Sabzi Bhaji Masala. Este paquete de 130 g contiene una mezcla especial de especias arom\u00e1ticas, cuidadosamente elaboradas para realzar el sabor de sus preparaciones de verduras. National Sabzi Bhaji Masala a\u00f1ade un toque picante y sabroso a salteados, currys y otros platos a base de verduras. Re\u00fane las...<\/p>","protected":false},"featured_media":2201,"comment_status":"closed","ping_status":"closed","template":"","meta":{"_kad_blocks_custom_css":"","_kad_blocks_head_custom_js":"","_kad_blocks_body_custom_js":"","_kad_blocks_footer_custom_js":"","_kadence_starter_templates_imported_post":false,"_kad_post_transparent":"","_kad_post_title":"","_kad_post_layout":"","_kad_post_sidebar_id":"","_kad_post_content_style":"","_kad_post_vertical_padding":"","_kad_post_feature":"","_kad_post_feature_position":"","_kad_post_header":false,"_kad_post_footer":false,"_kad_post_classname":""},"product_brand":[],"product_cat":[49],"product_tag":[],"class_list":{"0":"post-3098","1":"product","2":"type-product","3":"status-publish","4":"has-post-thumbnail","6":"product_cat-mix-spices-seasoning","8":"first","9":"instock","10":"sold-individually","11":"shipping-taxable","12":"purchasable","13":"product-type-simple","14":"entry","15":"content-bg","16":"loop-entry"},"taxonomy_info":{"product_cat":[{"value":49,"label":"Mix Spices &amp; Seasoning"}]},"featured_image_src_large":["https:\/\/sultanspices.es\/wp-content\/uploads\/2023\/07\/National-Spices-Sabzi-Bhaji-300x300-1.jpg",300,300,false],"author_info":[],"comment_info":0,"jetpack_sharing_enabled":true,"_links":{"self":[{"href":"https:\/\/sultanspices.es\/es\/wp-json\/wp\/v2\/product\/3098","targetHints":{"allow":["GET"]}}],"collection":[{"href":"https:\/\/sultanspices.es\/es\/wp-json\/wp\/v2\/product"}],"about":[{"href":"https:\/\/sultanspices.es\/es\/wp-json\/wp\/v2\/types\/product"}],"replies":[{"embeddable":true,"href":"https:\/\/sultanspices.es\/es\/wp-json\/wp\/v2\/comments?post=3098"}],"wp:featuredmedia":[{"embeddable":true,"href":"https:\/\/sultanspices.es\/es\/wp-json\/wp\/v2\/media\/2201"}],"wp:attachment":[{"href":"https:\/\/sultanspices.es\/es\/wp-json\/wp\/v2\/media?parent=3098"}],"wp:term":[{"taxonomy":"product_brand","embeddable":true,"href":"https:\/\/sultanspices.es\/es\/wp-json\/wp\/v2\/product_brand?post=3098"},{"taxonomy":"product_cat","embeddable":true,"href":"https:\/\/sultanspices.es\/es\/wp-json\/wp\/v2\/product_cat?post=3098"},{"taxonomy":"product_tag","embeddable":true,"href":"https:\/\/sultanspices.es\/es\/wp-json\/wp\/v2\/product_tag?post=3098"}],"curies":[{"name":"wp","href":"https:\/\/api.w.org\/{rel}","templated":true}]}}