{"id":3097,"date":"2023-09-22T21:37:34","date_gmt":"2023-09-22T19:37:34","guid":{"rendered":"https:\/\/sultanspices.es\/?post_type=product&#038;p=3097"},"modified":"2026-02-23T12:41:05","modified_gmt":"2026-02-23T11:41:05","slug":"national-quorma","status":"publish","type":"product","link":"https:\/\/sultanspices.es\/es\/producto\/nacional-quorma\/","title":{"rendered":"NATIONAL QUORMA MASALA 86G"},"content":{"rendered":"<div class=\"flex flex-grow flex-col gap-3\">\n<div class=\"min-h-[20px] flex items-start overflow-x-auto whitespace-pre-wrap break-words flex-col gap-4\">\n<div class=\"markdown prose w-full break-words dark:prose-invert light\">\n<p>Disfrute de los aut\u00e9nticos sabores de los platos korma tradicionales con National Korma Masala. Esta mezcla especial de especias de National est\u00e1 cuidadosamente elaborada para crear el condimento perfecto para los ricos y cremosos korma al curry. National Korma Masala a\u00f1ade un sabor delicioso y arom\u00e1tico a sus preparaciones de pollo, carne o verduras korma. Re\u00fane la combinaci\u00f3n perfecta de especias, como cilantro, c\u00farcuma, cardamomo y otras, para elevar sus platos korma a nuevas cotas. Mejore su experiencia culinaria con el aut\u00e9ntico sabor de National Korma Masala. Disponible para su compra en l\u00ednea, saboree los sabores de esta cl\u00e1sica mezcla de especias indias.<\/p>\n<p>Palabras clave: National Korma Masala, sabores aut\u00e9nticos, platos korma tradicionales, mezcla especial de especias, condimento perfecto, currys ricos y cremosos, sabor delicioso, sabores arom\u00e1ticos, korma de pollo, korma de carne, korma de verduras, cilantro, c\u00farcuma, cardamomo, eleve sus platos, mejore su cocina, compra en l\u00ednea, mezcla cl\u00e1sica de especias, saboree los sabores, compre en l\u00ednea.<\/p>\n<\/div>\n<\/div>\n<\/div>","protected":false},"excerpt":{"rendered":"<p>Disfrute de los aut\u00e9nticos sabores de los platos korma tradicionales con National Korma Masala. Esta mezcla especial de especias de National est\u00e1 cuidadosamente elaborada para crear el condimento perfecto para los ricos y cremosos korma al curry. National Korma Masala a\u00f1ade un sabor delicioso y arom\u00e1tico a sus preparaciones de pollo, carne o verduras korma. A\u00fana a la perfecci\u00f3n...<\/p>","protected":false},"featured_media":2202,"comment_status":"closed","ping_status":"closed","template":"","meta":{"_kad_blocks_custom_css":"","_kad_blocks_head_custom_js":"","_kad_blocks_body_custom_js":"","_kad_blocks_footer_custom_js":"","_kadence_starter_templates_imported_post":false,"_kad_post_transparent":"","_kad_post_title":"","_kad_post_layout":"","_kad_post_sidebar_id":"","_kad_post_content_style":"","_kad_post_vertical_padding":"","_kad_post_feature":"","_kad_post_feature_position":"","_kad_post_header":false,"_kad_post_footer":false,"_kad_post_classname":""},"product_brand":[],"product_cat":[49],"product_tag":[],"class_list":{"0":"post-3097","1":"product","2":"type-product","3":"status-publish","4":"has-post-thumbnail","6":"product_cat-mix-spices-seasoning","8":"first","9":"instock","10":"sold-individually","11":"shipping-taxable","12":"purchasable","13":"product-type-simple","14":"entry","15":"content-bg","16":"loop-entry"},"taxonomy_info":{"product_cat":[{"value":49,"label":"Mix Spices &amp; Seasoning"}]},"featured_image_src_large":["https:\/\/sultanspices.es\/wp-content\/uploads\/2023\/07\/NationalQuorma.jpg",1000,1000,false],"author_info":[],"comment_info":0,"jetpack_sharing_enabled":true,"_links":{"self":[{"href":"https:\/\/sultanspices.es\/es\/wp-json\/wp\/v2\/product\/3097","targetHints":{"allow":["GET"]}}],"collection":[{"href":"https:\/\/sultanspices.es\/es\/wp-json\/wp\/v2\/product"}],"about":[{"href":"https:\/\/sultanspices.es\/es\/wp-json\/wp\/v2\/types\/product"}],"replies":[{"embeddable":true,"href":"https:\/\/sultanspices.es\/es\/wp-json\/wp\/v2\/comments?post=3097"}],"wp:featuredmedia":[{"embeddable":true,"href":"https:\/\/sultanspices.es\/es\/wp-json\/wp\/v2\/media\/2202"}],"wp:attachment":[{"href":"https:\/\/sultanspices.es\/es\/wp-json\/wp\/v2\/media?parent=3097"}],"wp:term":[{"taxonomy":"product_brand","embeddable":true,"href":"https:\/\/sultanspices.es\/es\/wp-json\/wp\/v2\/product_brand?post=3097"},{"taxonomy":"product_cat","embeddable":true,"href":"https:\/\/sultanspices.es\/es\/wp-json\/wp\/v2\/product_cat?post=3097"},{"taxonomy":"product_tag","embeddable":true,"href":"https:\/\/sultanspices.es\/es\/wp-json\/wp\/v2\/product_tag?post=3097"}],"curies":[{"name":"wp","href":"https:\/\/api.w.org\/{rel}","templated":true}]}}