{"id":3095,"date":"2023-09-22T21:37:34","date_gmt":"2023-09-22T19:37:34","guid":{"rendered":"https:\/\/sultanspices.es\/?post_type=product&#038;p=3095"},"modified":"2026-02-23T12:41:05","modified_gmt":"2026-02-23T11:41:05","slug":"national-pulao-140-g","status":"publish","type":"product","link":"https:\/\/sultanspices.es\/es\/producto\/nacional-pulao-140-g\/","title":{"rendered":"NATIONAL PULAO MASALA 140G"},"content":{"rendered":"<div class=\"group w-full text-gray-800 dark:text-gray-100 border-b border-black\/10 dark:border-gray-900\/50 bg-gray-50 dark:bg-[#444654]\">\n<div class=\"flex p-4 gap-4 text-base md:gap-6 md:max-w-2xl lg:max-w-[38rem] xl:max-w-3xl md:py-6 lg:px-0 m-auto\">\n<div class=\"relative flex w-[calc(100%-50px)] flex-col gap-1 md:gap-3 lg:w-[calc(100%-115px)]\">\n<div class=\"flex flex-grow flex-col gap-3\">\n<div class=\"min-h-[20px] flex items-start overflow-x-auto whitespace-pre-wrap break-words flex-col gap-4\">\n<div class=\"markdown prose w-full break-words dark:prose-invert light\">\n<p>Realce el sabor de sus platos de arroz con National Pulao Masala. Este paquete de 140 g contiene una mezcla especial de especias, cuidadosamente elaborada para crear el condimento perfecto para un pulao arom\u00e1tico y sabroso. National Pulao Masala a\u00f1ade un sabor delicioso y sabroso a sus preparaciones de arroz, elev\u00e1ndolas a un nivel completamente nuevo. Re\u00fane la combinaci\u00f3n perfecta de especias, como el comino, el cilantro, el cardamomo y otras, para crear una tentadora experiencia de pulao. Eleve sus creaciones culinarias con el aut\u00e9ntico sabor de National Pulao Masala. Disponible para su compra en l\u00ednea, disfrute de los arom\u00e1ticos sabores de esta cl\u00e1sica mezcla de especias.<\/p>\n<p>Palabras clave: National Pulao Masala, paquete de 140g, compra online, sabrosos platos de arroz, mezcla especial de especias, condimento perfecto, pulao arom\u00e1tico, sabor delicioso, sabores sabrosos, preparaciones de arroz, comino, cilantro, cardamomo, eleva tu cocina, sabor aut\u00e9ntico, mezcla cl\u00e1sica de especias, compra online, sabores arom\u00e1ticos, compra online.<\/p>\n<\/div>\n<\/div>\n<\/div>\n<\/div>\n<\/div>\n<\/div>","protected":false},"excerpt":{"rendered":"<p>Realce el sabor de sus platos de arroz con National Pulao Masala. Este paquete de 140 g contiene una mezcla especial de especias, cuidadosamente elaborada para crear el condimento perfecto para un pulao arom\u00e1tico y sabroso. National Pulao Masala a\u00f1ade un sabor delicioso y sabroso a sus preparaciones de arroz, elev\u00e1ndolas a un nivel completamente nuevo. Re\u00fane...<\/p>","protected":false},"featured_media":2209,"comment_status":"closed","ping_status":"closed","template":"","meta":{"_kad_blocks_custom_css":"","_kad_blocks_head_custom_js":"","_kad_blocks_body_custom_js":"","_kad_blocks_footer_custom_js":"","_kadence_starter_templates_imported_post":false,"_kad_post_transparent":"","_kad_post_title":"","_kad_post_layout":"","_kad_post_sidebar_id":"","_kad_post_content_style":"","_kad_post_vertical_padding":"","_kad_post_feature":"","_kad_post_feature_position":"","_kad_post_header":false,"_kad_post_footer":false,"_kad_post_classname":""},"product_brand":[],"product_cat":[49],"product_tag":[],"class_list":{"0":"post-3095","1":"product","2":"type-product","3":"status-publish","4":"has-post-thumbnail","6":"product_cat-mix-spices-seasoning","8":"first","9":"instock","10":"sold-individually","11":"shipping-taxable","12":"purchasable","13":"product-type-simple","14":"entry","15":"content-bg","16":"loop-entry"},"taxonomy_info":{"product_cat":[{"value":49,"label":"Mix Spices &amp; Seasoning"}]},"featured_image_src_large":["https:\/\/sultanspices.es\/wp-content\/uploads\/2023\/07\/NationalPulao.webp",1000,1000,false],"author_info":[],"comment_info":0,"jetpack_sharing_enabled":true,"_links":{"self":[{"href":"https:\/\/sultanspices.es\/es\/wp-json\/wp\/v2\/product\/3095","targetHints":{"allow":["GET"]}}],"collection":[{"href":"https:\/\/sultanspices.es\/es\/wp-json\/wp\/v2\/product"}],"about":[{"href":"https:\/\/sultanspices.es\/es\/wp-json\/wp\/v2\/types\/product"}],"replies":[{"embeddable":true,"href":"https:\/\/sultanspices.es\/es\/wp-json\/wp\/v2\/comments?post=3095"}],"wp:featuredmedia":[{"embeddable":true,"href":"https:\/\/sultanspices.es\/es\/wp-json\/wp\/v2\/media\/2209"}],"wp:attachment":[{"href":"https:\/\/sultanspices.es\/es\/wp-json\/wp\/v2\/media?parent=3095"}],"wp:term":[{"taxonomy":"product_brand","embeddable":true,"href":"https:\/\/sultanspices.es\/es\/wp-json\/wp\/v2\/product_brand?post=3095"},{"taxonomy":"product_cat","embeddable":true,"href":"https:\/\/sultanspices.es\/es\/wp-json\/wp\/v2\/product_cat?post=3095"},{"taxonomy":"product_tag","embeddable":true,"href":"https:\/\/sultanspices.es\/es\/wp-json\/wp\/v2\/product_tag?post=3095"}],"curies":[{"name":"wp","href":"https:\/\/api.w.org\/{rel}","templated":true}]}}