{"id":3091,"date":"2023-09-22T21:37:34","date_gmt":"2023-09-22T19:37:34","guid":{"rendered":"https:\/\/sultanspices.es\/?post_type=product&#038;p=3091"},"modified":"2026-02-23T12:41:03","modified_gmt":"2026-02-23T11:41:03","slug":"national-malai-tikka-100-g","status":"publish","type":"product","link":"https:\/\/sultanspices.es\/es\/producto\/nacional-malai-tikka-100-g\/","title":{"rendered":"NATIONAL MALAI TIKKA 100 G"},"content":{"rendered":"<div class=\"group w-full text-gray-800 dark:text-gray-100 border-b border-black\/10 dark:border-gray-900\/50 bg-gray-50 dark:bg-[#444654]\">\n<div class=\"flex p-4 gap-4 text-base md:gap-6 md:max-w-2xl lg:max-w-[38rem] xl:max-w-3xl md:py-6 lg:px-0 m-auto\">\n<div class=\"relative flex w-[calc(100%-50px)] flex-col gap-1 md:gap-3 lg:w-[calc(100%-115px)]\">\n<div class=\"flex flex-grow flex-col gap-3\">\n<div class=\"min-h-[20px] flex items-start overflow-x-auto whitespace-pre-wrap break-words flex-col gap-4\">\n<div class=\"markdown prose w-full break-words dark:prose-invert light\">\n<p>Cree un cremoso y suculento malai tikka con National Malai Tikka Masala. Este paquete de 100 g contiene una mezcla especial de especias, cuidadosamente elaborada para crear el condimento perfecto para un malai tikka tierno y sabroso. National Malai Tikka Masala a\u00f1ade un sabor rico y arom\u00e1tico a su pollo o paneer marinado, convirti\u00e9ndolo en un plato irresistible. Re\u00fane la combinaci\u00f3n perfecta de especias, como cardamomo, nuez moscada, canela y otras, para crear un delicioso sabor a malai tikka. Eleve sus creaciones culinarias con el aut\u00e9ntico sabor del National Malai Tikka Masala. Disponible para su compra en l\u00ednea, disfrute del placer de este plato cl\u00e1sico del norte de la India.<\/p>\n<p>Palabras clave: National Malai Tikka Masala, paquete de 100g, compra online, cremoso y suculento, mezcla especial de especias, condimento perfecto, tikka tierno y sabroso, sabor rico y arom\u00e1tico, pollo marinado, paneer marinado, plato irresistible, cardamomo, nuez moscada, canela, sabor delicioso, eleva tu cocina, sabor aut\u00e9ntico, plato cl\u00e1sico del norte de la India, compra online, disfruta del placer, compra online.<\/p>\n<\/div>\n<\/div>\n<\/div>\n<\/div>\n<\/div>\n<\/div>","protected":false},"excerpt":{"rendered":"<p>Cree un cremoso y suculento malai tikka con National Malai Tikka Masala. Este paquete de 100 g contiene una mezcla especial de especias, cuidadosamente elaborada para crear el condimento perfecto para un malai tikka tierno y sabroso. National Malai Tikka Masala a\u00f1ade un sabor rico y arom\u00e1tico a su pollo o paneer marinado, convirti\u00e9ndolo en un plato irresistible. Es...<\/p>","protected":false},"featured_media":2215,"comment_status":"closed","ping_status":"closed","template":"","meta":{"_kad_blocks_custom_css":"","_kad_blocks_head_custom_js":"","_kad_blocks_body_custom_js":"","_kad_blocks_footer_custom_js":"","_kadence_starter_templates_imported_post":false,"_kad_post_transparent":"","_kad_post_title":"","_kad_post_layout":"","_kad_post_sidebar_id":"","_kad_post_content_style":"","_kad_post_vertical_padding":"","_kad_post_feature":"","_kad_post_feature_position":"","_kad_post_header":false,"_kad_post_footer":false,"_kad_post_classname":""},"product_brand":[],"product_cat":[49],"product_tag":[],"class_list":{"0":"post-3091","1":"product","2":"type-product","3":"status-publish","4":"has-post-thumbnail","6":"product_cat-mix-spices-seasoning","8":"first","9":"outofstock","10":"sold-individually","11":"shipping-taxable","12":"purchasable","13":"product-type-simple","14":"entry","15":"content-bg","16":"loop-entry"},"taxonomy_info":{"product_cat":[{"value":49,"label":"Mix Spices &amp; Seasoning"}]},"featured_image_src_large":["https:\/\/sultanspices.es\/wp-content\/uploads\/2023\/07\/NationalMalaiTikka.webp",800,800,false],"author_info":[],"comment_info":0,"jetpack_sharing_enabled":true,"_links":{"self":[{"href":"https:\/\/sultanspices.es\/es\/wp-json\/wp\/v2\/product\/3091","targetHints":{"allow":["GET"]}}],"collection":[{"href":"https:\/\/sultanspices.es\/es\/wp-json\/wp\/v2\/product"}],"about":[{"href":"https:\/\/sultanspices.es\/es\/wp-json\/wp\/v2\/types\/product"}],"replies":[{"embeddable":true,"href":"https:\/\/sultanspices.es\/es\/wp-json\/wp\/v2\/comments?post=3091"}],"wp:featuredmedia":[{"embeddable":true,"href":"https:\/\/sultanspices.es\/es\/wp-json\/wp\/v2\/media\/2215"}],"wp:attachment":[{"href":"https:\/\/sultanspices.es\/es\/wp-json\/wp\/v2\/media?parent=3091"}],"wp:term":[{"taxonomy":"product_brand","embeddable":true,"href":"https:\/\/sultanspices.es\/es\/wp-json\/wp\/v2\/product_brand?post=3091"},{"taxonomy":"product_cat","embeddable":true,"href":"https:\/\/sultanspices.es\/es\/wp-json\/wp\/v2\/product_cat?post=3091"},{"taxonomy":"product_tag","embeddable":true,"href":"https:\/\/sultanspices.es\/es\/wp-json\/wp\/v2\/product_tag?post=3091"}],"curies":[{"name":"wp","href":"https:\/\/api.w.org\/{rel}","templated":true}]}}