{"id":3076,"date":"2023-09-22T21:37:31","date_gmt":"2023-09-22T19:37:31","guid":{"rendered":"https:\/\/sultanspices.es\/?post_type=product&#038;p=3076"},"modified":"2026-02-23T12:41:03","modified_gmt":"2026-02-23T11:41:03","slug":"national-custard-powder-300-g-banana","status":"publish","type":"product","link":"https:\/\/sultanspices.es\/es\/producto\/nacional-polvo-de-natillas-300-g-banana\/","title":{"rendered":"NATIONAL NATILLAS EN POLVO 300 G DE PL\u00c1TANO"},"content":{"rendered":"<div class=\"group w-full text-gray-800 dark:text-gray-100 border-b border-black\/10 dark:border-gray-900\/50 bg-gray-50 dark:bg-[#444654]\">\n<div class=\"flex p-4 gap-4 text-base md:gap-6 md:max-w-2xl lg:max-w-[38rem] xl:max-w-3xl md:py-6 lg:px-0 m-auto\">\n<div class=\"relative flex w-[calc(100%-50px)] flex-col gap-1 md:gap-3 lg:w-[calc(100%-115px)]\">\n<div class=\"flex flex-grow flex-col gap-3\">\n<div class=\"min-h-[20px] flex items-start overflow-x-auto whitespace-pre-wrap break-words flex-col gap-4\">\n<div class=\"markdown prose w-full break-words dark:prose-invert light\">\n<p>Del\u00e9itese con la cremosa y afrutada delicia de National Custard Powder con sabor a pl\u00e1tano. Este envase de 300 g ofrece un polvo c\u00f3modo y vers\u00e1til que permite preparar deliciosas y aterciopeladas natillas de pl\u00e1tano sin esfuerzo. National Custard Powder est\u00e1 elaborado con ingredientes de alta calidad, como leche en polvo y sabor natural a pl\u00e1tano, para ofrecer una experiencia de postre aut\u00e9ntica y deliciosa. Crea una textura suave y cremosa con una explosi\u00f3n de sabor a pl\u00e1tano que har\u00e1 las delicias de su paladar. Mejore sus postres con la comodidad y el sabor de National Custard Powder en Pl\u00e1tano. Disponible para su compra en l\u00ednea, disfrute de las delicias de las natillas caseras de pl\u00e1tano en la comodidad de su hogar.<\/p>\n<\/div>\n<\/div>\n<\/div>\n<\/div>\n<\/div>\n<\/div>","protected":false},"excerpt":{"rendered":"<p>Del\u00e9itese con la cremosa y afrutada delicia de National Custard Powder con sabor a pl\u00e1tano. Este envase de 300 g ofrece un polvo c\u00f3modo y vers\u00e1til que permite preparar deliciosas y aterciopeladas natillas de pl\u00e1tano sin esfuerzo. Las Natillas en Polvo National est\u00e1n elaboradas con ingredientes de alta calidad, como la rica leche en polvo y el sabor natural a pl\u00e1tano, para...<\/p>","protected":false},"featured_media":2248,"comment_status":"closed","ping_status":"closed","template":"","meta":{"_kad_blocks_custom_css":"","_kad_blocks_head_custom_js":"","_kad_blocks_body_custom_js":"","_kad_blocks_footer_custom_js":"","_kadence_starter_templates_imported_post":false,"_kad_post_transparent":"","_kad_post_title":"","_kad_post_layout":"","_kad_post_sidebar_id":"","_kad_post_content_style":"","_kad_post_vertical_padding":"","_kad_post_feature":"","_kad_post_feature_position":"","_kad_post_header":false,"_kad_post_footer":false,"_kad_post_classname":""},"product_brand":[],"product_cat":[48],"product_tag":[],"class_list":{"0":"post-3076","1":"product","2":"type-product","3":"status-publish","4":"has-post-thumbnail","6":"product_cat-dessert-mixes-for-indian-sweets","8":"first","9":"outofstock","10":"sold-individually","11":"shipping-taxable","12":"purchasable","13":"product-type-simple","14":"entry","15":"content-bg","16":"loop-entry"},"taxonomy_info":{"product_cat":[{"value":48,"label":"Dessert Mixes for Indian Sweets"}]},"featured_image_src_large":["https:\/\/sultanspices.es\/wp-content\/uploads\/2023\/07\/national-custard-banana.jpg",1000,1000,false],"author_info":[],"comment_info":0,"jetpack_sharing_enabled":true,"_links":{"self":[{"href":"https:\/\/sultanspices.es\/es\/wp-json\/wp\/v2\/product\/3076","targetHints":{"allow":["GET"]}}],"collection":[{"href":"https:\/\/sultanspices.es\/es\/wp-json\/wp\/v2\/product"}],"about":[{"href":"https:\/\/sultanspices.es\/es\/wp-json\/wp\/v2\/types\/product"}],"replies":[{"embeddable":true,"href":"https:\/\/sultanspices.es\/es\/wp-json\/wp\/v2\/comments?post=3076"}],"wp:featuredmedia":[{"embeddable":true,"href":"https:\/\/sultanspices.es\/es\/wp-json\/wp\/v2\/media\/2248"}],"wp:attachment":[{"href":"https:\/\/sultanspices.es\/es\/wp-json\/wp\/v2\/media?parent=3076"}],"wp:term":[{"taxonomy":"product_brand","embeddable":true,"href":"https:\/\/sultanspices.es\/es\/wp-json\/wp\/v2\/product_brand?post=3076"},{"taxonomy":"product_cat","embeddable":true,"href":"https:\/\/sultanspices.es\/es\/wp-json\/wp\/v2\/product_cat?post=3076"},{"taxonomy":"product_tag","embeddable":true,"href":"https:\/\/sultanspices.es\/es\/wp-json\/wp\/v2\/product_tag?post=3076"}],"curies":[{"name":"wp","href":"https:\/\/api.w.org\/{rel}","templated":true}]}}