{"id":3063,"date":"2023-09-22T21:37:30","date_gmt":"2023-09-22T19:37:30","guid":{"rendered":"https:\/\/sultanspices.es\/?post_type=product&#038;p=3063"},"modified":"2026-02-23T12:40:57","modified_gmt":"2026-02-23T11:40:57","slug":"mtr-palak-paneer-300-g","status":"publish","type":"product","link":"https:\/\/sultanspices.es\/es\/producto\/mtr-palak-paneer-300-g\/","title":{"rendered":"MTR PALAK PANEER 300 G"},"content":{"rendered":"<div class=\"group w-full text-gray-800 dark:text-gray-100 border-b border-black\/10 dark:border-gray-900\/50 bg-gray-50 dark:bg-[#444654]\">\n<div class=\"flex p-4 gap-4 text-base md:gap-6 md:max-w-2xl lg:max-w-[38rem] xl:max-w-3xl md:py-6 lg:px-0 m-auto\">\n<div class=\"relative flex w-[calc(100%-50px)] flex-col gap-1 md:gap-3 lg:w-[calc(100%-115px)]\">\n<div class=\"flex flex-grow flex-col gap-3\">\n<div class=\"min-h-[20px] flex items-start overflow-x-auto whitespace-pre-wrap break-words flex-col gap-4\">\n<div class=\"markdown prose w-full break-words dark:prose-invert light\">\n<p>Del\u00e9itese con el cremoso y sabroso Palak Paneer de MTR. Este paquete de 300 g ofrece una opci\u00f3n de comida c\u00f3moda y deliciosa que combina el tierno paneer (reques\u00f3n indio) con una rica salsa de espinacas. MTR Palak Paneer se elabora con ingredientes de alta calidad y especias tradicionales, lo que garantiza una experiencia aut\u00e9ntica y satisfactoria. La textura cremosa del paneer combina a la perfecci\u00f3n con los sabores vibrantes de las espinacas, creando un plato que hace la boca agua, nutritivo y delicioso. Disfrute de la comodidad de MTR Palak Paneer, disponible para su compra en l\u00ednea, y saboree las bondades de este cl\u00e1sico manjar indio en la comodidad de su hogar.<\/p>\n<\/div>\n<\/div>\n<\/div>\n<\/div>\n<\/div>\n<\/div>","protected":false},"excerpt":{"rendered":"<p>Del\u00e9itese con el cremoso y sabroso Palak Paneer de MTR. Este paquete de 300 g ofrece una opci\u00f3n de comida c\u00f3moda y deliciosa que combina el tierno paneer (reques\u00f3n indio) con una rica salsa de espinacas. MTR Palak Paneer se elabora con ingredientes de alta calidad y especias tradicionales, lo que garantiza una experiencia aut\u00e9ntica y satisfactoria. La textura cremosa del paneer combina perfectamente...<\/p>","protected":false},"featured_media":2254,"comment_status":"closed","ping_status":"closed","template":"","meta":{"_kad_blocks_custom_css":"","_kad_blocks_head_custom_js":"","_kad_blocks_body_custom_js":"","_kad_blocks_footer_custom_js":"","_kadence_starter_templates_imported_post":false,"_kad_post_transparent":"","_kad_post_title":"","_kad_post_layout":"","_kad_post_sidebar_id":"","_kad_post_content_style":"","_kad_post_vertical_padding":"","_kad_post_feature":"","_kad_post_feature_position":"","_kad_post_header":false,"_kad_post_footer":false,"_kad_post_classname":""},"product_brand":[],"product_cat":[54],"product_tag":[],"class_list":{"0":"post-3063","1":"product","2":"type-product","3":"status-publish","4":"has-post-thumbnail","6":"product_cat-instant-meals-rte","8":"first","9":"outofstock","10":"sold-individually","11":"shipping-taxable","12":"purchasable","13":"product-type-simple","14":"entry","15":"content-bg","16":"loop-entry"},"taxonomy_info":{"product_cat":[{"value":54,"label":"Instant meals RTE"}]},"featured_image_src_large":["https:\/\/sultanspices.es\/wp-content\/uploads\/2023\/07\/MTR-PALAK-PANEER-1024x1024.webp",1024,1024,true],"author_info":[],"comment_info":0,"jetpack_sharing_enabled":true,"_links":{"self":[{"href":"https:\/\/sultanspices.es\/es\/wp-json\/wp\/v2\/product\/3063","targetHints":{"allow":["GET"]}}],"collection":[{"href":"https:\/\/sultanspices.es\/es\/wp-json\/wp\/v2\/product"}],"about":[{"href":"https:\/\/sultanspices.es\/es\/wp-json\/wp\/v2\/types\/product"}],"replies":[{"embeddable":true,"href":"https:\/\/sultanspices.es\/es\/wp-json\/wp\/v2\/comments?post=3063"}],"wp:featuredmedia":[{"embeddable":true,"href":"https:\/\/sultanspices.es\/es\/wp-json\/wp\/v2\/media\/2254"}],"wp:attachment":[{"href":"https:\/\/sultanspices.es\/es\/wp-json\/wp\/v2\/media?parent=3063"}],"wp:term":[{"taxonomy":"product_brand","embeddable":true,"href":"https:\/\/sultanspices.es\/es\/wp-json\/wp\/v2\/product_brand?post=3063"},{"taxonomy":"product_cat","embeddable":true,"href":"https:\/\/sultanspices.es\/es\/wp-json\/wp\/v2\/product_cat?post=3063"},{"taxonomy":"product_tag","embeddable":true,"href":"https:\/\/sultanspices.es\/es\/wp-json\/wp\/v2\/product_tag?post=3063"}],"curies":[{"name":"wp","href":"https:\/\/api.w.org\/{rel}","templated":true}]}}