{"id":3057,"date":"2023-09-22T21:37:27","date_gmt":"2023-09-22T19:37:27","guid":{"rendered":"https:\/\/sultanspices.es\/?post_type=product&#038;p=3057"},"modified":"2025-07-19T10:59:38","modified_gmt":"2025-07-19T08:59:38","slug":"moong-dal-2kg-hf","status":"publish","type":"product","link":"https:\/\/sultanspices.es\/es\/producto\/moong-dal-2kg-hf\/","title":{"rendered":"MOONG DAL 2KG HF"},"content":{"rendered":"<div class=\"group w-full text-gray-800 dark:text-gray-100 border-b border-black\/10 dark:border-gray-900\/50 bg-gray-50 dark:bg-[#444654]\">\n<div class=\"flex p-4 gap-4 text-base md:gap-6 md:max-w-2xl lg:max-w-[38rem] xl:max-w-3xl md:py-6 lg:px-0 m-auto\">\n<div class=\"relative flex w-[calc(100%-50px)] flex-col gap-1 md:gap-3 lg:w-[calc(100%-115px)]\">\n<div class=\"flex flex-grow flex-col gap-3\">\n<div class=\"min-h-[20px] flex items-start overflow-x-auto whitespace-pre-wrap break-words flex-col gap-4\">\n<div class=\"markdown prose w-full break-words dark:prose-invert light\">\n<p>Experimente la mejor calidad del Moong Dal de Hindustani Foods. Este paquete de 2 kg ofrece moong dal de primera calidad, recogido a mano, conocido por su sabor superior y su valor nutritivo. El Moong Dal de Hindustani Foods es una vers\u00e1til variedad de lenteja muy utilizada en la cocina india. Se cocina f\u00e1cilmente y tiene una textura delicada, lo que la hace perfecta para reconfortantes dals, khichdis y sopas. Repleto de prote\u00ednas y fibra diet\u00e9tica, el Moong Dal no s\u00f3lo es delicioso, sino tambi\u00e9n un complemento saludable para sus comidas. Con el compromiso de calidad de Hindustani Foods, puede estar seguro de que recibe lo mejor. Haga su pedido online y disfrute de los aut\u00e9nticos sabores y nutrientes del Moong Dal de Hindustani Foods en su cocina diaria.<\/p>\n<\/div>\n<\/div>\n<\/div>\n<\/div>\n<\/div>\n<\/div>","protected":false},"excerpt":{"rendered":"<p>Experimente la mejor calidad del Moong Dal de Hindustani Foods. Este paquete de 2 kg ofrece moong dal de primera calidad, recogido a mano, conocido por su sabor superior y su valor nutritivo. El Moong Dal de Hindustani Foods es una vers\u00e1til variedad de lenteja muy utilizada en la cocina india. Se cocina f\u00e1cilmente y tiene una textura delicada, por lo que es perfecto para dals reconfortantes,...<\/p>","protected":false},"featured_media":0,"comment_status":"closed","ping_status":"closed","template":"","meta":{"_kad_blocks_custom_css":"","_kad_blocks_head_custom_js":"","_kad_blocks_body_custom_js":"","_kad_blocks_footer_custom_js":"","_kadence_starter_templates_imported_post":false,"_kad_post_transparent":"","_kad_post_title":"","_kad_post_layout":"","_kad_post_sidebar_id":"","_kad_post_content_style":"","_kad_post_vertical_padding":"","_kad_post_feature":"","_kad_post_feature_position":"","_kad_post_header":false,"_kad_post_footer":false,"_kad_post_classname":""},"product_brand":[],"product_cat":[47],"product_tag":[],"class_list":{"0":"post-3057","1":"product","2":"type-product","3":"status-publish","5":"product_cat-lentils","7":"first","8":"outofstock","9":"sold-individually","10":"shipping-taxable","11":"purchasable","12":"product-type-simple","13":"entry","14":"content-bg","15":"loop-entry"},"taxonomy_info":{"product_cat":[{"value":47,"label":"Lentils"}]},"featured_image_src_large":false,"author_info":[],"comment_info":0,"jetpack_sharing_enabled":true,"_links":{"self":[{"href":"https:\/\/sultanspices.es\/es\/wp-json\/wp\/v2\/product\/3057","targetHints":{"allow":["GET"]}}],"collection":[{"href":"https:\/\/sultanspices.es\/es\/wp-json\/wp\/v2\/product"}],"about":[{"href":"https:\/\/sultanspices.es\/es\/wp-json\/wp\/v2\/types\/product"}],"replies":[{"embeddable":true,"href":"https:\/\/sultanspices.es\/es\/wp-json\/wp\/v2\/comments?post=3057"}],"wp:attachment":[{"href":"https:\/\/sultanspices.es\/es\/wp-json\/wp\/v2\/media?parent=3057"}],"wp:term":[{"taxonomy":"product_brand","embeddable":true,"href":"https:\/\/sultanspices.es\/es\/wp-json\/wp\/v2\/product_brand?post=3057"},{"taxonomy":"product_cat","embeddable":true,"href":"https:\/\/sultanspices.es\/es\/wp-json\/wp\/v2\/product_cat?post=3057"},{"taxonomy":"product_tag","embeddable":true,"href":"https:\/\/sultanspices.es\/es\/wp-json\/wp\/v2\/product_tag?post=3057"}],"curies":[{"name":"wp","href":"https:\/\/api.w.org\/{rel}","templated":true}]}}