{"id":3039,"date":"2023-09-22T21:37:27","date_gmt":"2023-09-22T19:37:27","guid":{"rendered":"https:\/\/sultanspices.es\/?post_type=product&#038;p=3039"},"modified":"2026-02-23T12:40:49","modified_gmt":"2026-02-23T11:40:49","slug":"jeera-powder-1-kg-trs","status":"publish","type":"product","link":"https:\/\/sultanspices.es\/es\/producto\/jeera-polvo-1-kg-trs\/","title":{"rendered":"JEERA EN POLVO 1 KG TRS"},"content":{"rendered":"<div class=\"group w-full text-gray-800 dark:text-gray-100 border-b border-black\/10 dark:border-gray-900\/50 bg-gray-50 dark:bg-[#444654]\">\n<div class=\"flex p-4 gap-4 text-base md:gap-6 md:max-w-2xl lg:max-w-[38rem] xl:max-w-3xl md:py-6 lg:px-0 m-auto\">\n<div class=\"relative flex w-[calc(100%-50px)] flex-col gap-1 md:gap-3 lg:w-[calc(100%-115px)]\">\n<div class=\"flex flex-grow flex-col gap-3\">\n<div class=\"min-h-[20px] flex items-start overflow-x-auto whitespace-pre-wrap break-words flex-col gap-4\">\n<div class=\"markdown prose w-full break-words dark:prose-invert light\">\n<p>A\u00f1ada una explosi\u00f3n de sabor arom\u00e1tico a sus creaciones culinarias con el comino en polvo TRS Jeera. Este envase de 1 kg ofrece comino en polvo de primera calidad, conocido por su sabor y aroma caracter\u00edsticos. El comino en polvo TRS Jeera se elabora a partir de semillas de comino cuidadosamente seleccionadas y molidas a la perfecci\u00f3n, lo que garantiza su m\u00e1xima calidad y frescura. El comino, tambi\u00e9n conocido como jeera, es una especia vers\u00e1til muy utilizada en la cocina india. Aporta un sabor c\u00e1lido y terroso al curry, los arroces, las verduras asadas y mucho m\u00e1s. Repleto de nutrientes esenciales, el polvo de jeera TRS no s\u00f3lo realza el sabor de sus platos, sino que tambi\u00e9n ofrece beneficios potenciales para la salud. Mejore su cocina con el aut\u00e9ntico sabor y aroma del Jeera en polvo TRS, un ingrediente b\u00e1sico en todas las cocinas. Experimente los ricos sabores de la cocina india con TRS Jeera en polvo y saboree la esencia del comino en sus recetas favoritas.<\/p>\n<\/div>\n<\/div>\n<\/div>\n<\/div>\n<\/div>\n<\/div>","protected":false},"excerpt":{"rendered":"<p>A\u00f1ada una explosi\u00f3n de sabor arom\u00e1tico a sus creaciones culinarias con el comino en polvo TRS Jeera. Este envase de 1 kg ofrece comino en polvo de primera calidad, conocido por su sabor y aroma caracter\u00edsticos. El comino en polvo TRS Jeera se elabora a partir de semillas de comino cuidadosamente seleccionadas que se muelen a la perfecci\u00f3n, garantizando la m\u00e1xima calidad y frescura. El comino, tambi\u00e9n conocido como jeera,...<\/p>","protected":false},"featured_media":2287,"comment_status":"closed","ping_status":"closed","template":"","meta":{"_kad_blocks_custom_css":"","_kad_blocks_head_custom_js":"","_kad_blocks_body_custom_js":"","_kad_blocks_footer_custom_js":"","_kadence_starter_templates_imported_post":false,"_kad_post_transparent":"","_kad_post_title":"","_kad_post_layout":"","_kad_post_sidebar_id":"","_kad_post_content_style":"","_kad_post_vertical_padding":"","_kad_post_feature":"","_kad_post_feature_position":"","_kad_post_header":false,"_kad_post_footer":false,"_kad_post_classname":""},"product_brand":[],"product_cat":[50],"product_tag":[],"class_list":{"0":"post-3039","1":"product","2":"type-product","3":"status-publish","4":"has-post-thumbnail","6":"product_cat-spices","8":"first","9":"outofstock","10":"sold-individually","11":"shipping-taxable","12":"purchasable","13":"product-type-simple","14":"entry","15":"content-bg","16":"loop-entry"},"taxonomy_info":{"product_cat":[{"value":50,"label":"Spices"}]},"featured_image_src_large":["https:\/\/sultanspices.es\/wp-content\/uploads\/2023\/07\/Jeera-powder-1kg.jpeg",204,248,false],"author_info":[],"comment_info":0,"jetpack_sharing_enabled":true,"_links":{"self":[{"href":"https:\/\/sultanspices.es\/es\/wp-json\/wp\/v2\/product\/3039","targetHints":{"allow":["GET"]}}],"collection":[{"href":"https:\/\/sultanspices.es\/es\/wp-json\/wp\/v2\/product"}],"about":[{"href":"https:\/\/sultanspices.es\/es\/wp-json\/wp\/v2\/types\/product"}],"replies":[{"embeddable":true,"href":"https:\/\/sultanspices.es\/es\/wp-json\/wp\/v2\/comments?post=3039"}],"wp:featuredmedia":[{"embeddable":true,"href":"https:\/\/sultanspices.es\/es\/wp-json\/wp\/v2\/media\/2287"}],"wp:attachment":[{"href":"https:\/\/sultanspices.es\/es\/wp-json\/wp\/v2\/media?parent=3039"}],"wp:term":[{"taxonomy":"product_brand","embeddable":true,"href":"https:\/\/sultanspices.es\/es\/wp-json\/wp\/v2\/product_brand?post=3039"},{"taxonomy":"product_cat","embeddable":true,"href":"https:\/\/sultanspices.es\/es\/wp-json\/wp\/v2\/product_cat?post=3039"},{"taxonomy":"product_tag","embeddable":true,"href":"https:\/\/sultanspices.es\/es\/wp-json\/wp\/v2\/product_tag?post=3039"}],"curies":[{"name":"wp","href":"https:\/\/api.w.org\/{rel}","templated":true}]}}