{"id":3037,"date":"2023-09-22T21:37:27","date_gmt":"2023-09-22T19:37:27","guid":{"rendered":"https:\/\/sultanspices.es\/?post_type=product&#038;p=3037"},"modified":"2026-02-23T12:41:00","modified_gmt":"2026-02-23T11:41:00","slug":"naan-atta-25-kg","status":"publish","type":"product","link":"https:\/\/sultanspices.es\/es\/producto\/naan-atta-25-kg\/","title":{"rendered":"NAAN ATTA (HARINA DE PAN) 25 KG HF"},"content":{"rendered":"<div class=\"group w-full text-gray-800 dark:text-gray-100 border-b border-black\/10 dark:border-gray-900\/50 bg-gray-50 dark:bg-[#444654]\">\n<div class=\"flex p-4 gap-4 text-base md:gap-6 md:max-w-2xl lg:max-w-[38rem] xl:max-w-3xl md:py-6 lg:px-0 m-auto\">\n<div class=\"relative flex w-[calc(100%-50px)] flex-col gap-1 md:gap-3 lg:w-[calc(100%-115px)]\">\n<div class=\"flex flex-grow flex-col gap-3\">\n<div class=\"min-h-[20px] flex items-start overflow-x-auto whitespace-pre-wrap break-words flex-col gap-4\">\n<div class=\"markdown prose w-full break-words dark:prose-invert light\">\n<p>Cree un delicioso y aut\u00e9ntico pan naan con Hindustani Foods Naan Atta. Este paquete de 25 kg ofrece atta (harina) de alta calidad dise\u00f1ada espec\u00edficamente para hacer pan naan suave y esponjoso. Hindustani Foods Naan Atta se muele cuidadosamente a partir de granos de trigo de primera calidad, garantizando la textura y el sabor perfectos para sus creaciones de naan. Tanto si prepara naan normal, naan con ajo o naan relleno, esta atta proporciona el equilibrio ideal de ingredientes para lograr excelentes resultados. Disfrute de la comodidad de los envases a granel y d\u00e9 rienda suelta a su creatividad culinaria con Hindustani Foods Naan Atta. Mejore sus comidas con pan naan casero hecho con el aut\u00e9ntico sabor de Hindustani Foods Naan Atta.<\/p>\n<\/div>\n<\/div>\n<\/div>\n<\/div>\n<\/div>\n<\/div>","protected":false},"excerpt":{"rendered":"<p>Cree un delicioso y aut\u00e9ntico pan naan con Hindustani Foods Naan Atta. Este paquete de 25 kg ofrece atta (harina) de alta calidad dise\u00f1ada espec\u00edficamente para hacer pan naan suave y esponjoso. Hindustani Foods Naan Atta se muele cuidadosamente a partir de granos de trigo de primera calidad, garantizando la textura y el sabor perfectos para sus creaciones de naan. Tanto si prepara naan normal, naan con ajo,...<\/p>","protected":false},"featured_media":0,"comment_status":"closed","ping_status":"closed","template":"","meta":{"_kad_blocks_custom_css":"","_kad_blocks_head_custom_js":"","_kad_blocks_body_custom_js":"","_kad_blocks_footer_custom_js":"","_kadence_starter_templates_imported_post":false,"_kad_post_transparent":"default","_kad_post_title":"","_kad_post_layout":"default","_kad_post_sidebar_id":"","_kad_post_content_style":"default","_kad_post_vertical_padding":"default","_kad_post_feature":"","_kad_post_feature_position":"","_kad_post_header":false,"_kad_post_footer":false,"_kad_post_classname":""},"product_brand":[],"product_cat":[52],"product_tag":[],"class_list":{"0":"post-3037","1":"product","2":"type-product","3":"status-publish","5":"product_cat-flour","7":"first","8":"instock","9":"sold-individually","10":"shipping-taxable","11":"purchasable","12":"product-type-simple","13":"entry","14":"content-bg","15":"loop-entry"},"taxonomy_info":{"product_cat":[{"value":52,"label":"Flour"}]},"featured_image_src_large":false,"author_info":[],"comment_info":0,"jetpack_sharing_enabled":true,"_links":{"self":[{"href":"https:\/\/sultanspices.es\/es\/wp-json\/wp\/v2\/product\/3037","targetHints":{"allow":["GET"]}}],"collection":[{"href":"https:\/\/sultanspices.es\/es\/wp-json\/wp\/v2\/product"}],"about":[{"href":"https:\/\/sultanspices.es\/es\/wp-json\/wp\/v2\/types\/product"}],"replies":[{"embeddable":true,"href":"https:\/\/sultanspices.es\/es\/wp-json\/wp\/v2\/comments?post=3037"}],"wp:attachment":[{"href":"https:\/\/sultanspices.es\/es\/wp-json\/wp\/v2\/media?parent=3037"}],"wp:term":[{"taxonomy":"product_brand","embeddable":true,"href":"https:\/\/sultanspices.es\/es\/wp-json\/wp\/v2\/product_brand?post=3037"},{"taxonomy":"product_cat","embeddable":true,"href":"https:\/\/sultanspices.es\/es\/wp-json\/wp\/v2\/product_cat?post=3037"},{"taxonomy":"product_tag","embeddable":true,"href":"https:\/\/sultanspices.es\/es\/wp-json\/wp\/v2\/product_tag?post=3037"}],"curies":[{"name":"wp","href":"https:\/\/api.w.org\/{rel}","templated":true}]}}