{"id":3033,"date":"2023-09-22T21:37:26","date_gmt":"2023-09-22T19:37:26","guid":{"rendered":"https:\/\/sultanspices.es\/?post_type=product&#038;p=3033"},"modified":"2026-03-21T22:11:27","modified_gmt":"2026-03-21T21:11:27","slug":"syrup-rooh-afza-800ml","status":"publish","type":"product","link":"https:\/\/sultanspices.es\/es\/producto\/jarabe-rooh-afza-800ml\/","title":{"rendered":"JARABE ROOH AFZA 800ML"},"content":{"rendered":"<div class=\"group w-full text-gray-800 dark:text-gray-100 border-b border-black\/10 dark:border-gray-900\/50 bg-gray-50 dark:bg-[#444654]\">\n<div class=\"flex p-4 gap-4 text-base md:gap-6 md:max-w-2xl lg:max-w-[38rem] xl:max-w-3xl md:py-6 lg:px-0 m-auto\">\n<div class=\"relative flex w-[calc(100%-50px)] flex-col gap-1 md:gap-3 lg:w-[calc(100%-115px)]\">\n<div class=\"flex flex-grow flex-col gap-3\">\n<div class=\"min-h-[20px] flex items-start overflow-x-auto whitespace-pre-wrap break-words flex-col gap-4\">\n<div class=\"markdown prose w-full break-words dark:prose-invert light\">\n<p>Sacia tu sed con el sabor refrescante y rejuvenecedor de Hamdard Rooh Afza. Esta botella de 800 ml contiene la ic\u00f3nica bebida veraniega que ha deleitado las papilas gustativas durante generaciones. Hamdard Rooh Afza es una deliciosa mezcla de ingredientes naturales, como frutas, hierbas y flores, cuidadosamente formulada para crear una bebida no alcoh\u00f3lica \u00fanica y vigorizante. Con su vibrante color rojo y su aroma floral, Rooh Afza es el acompa\u00f1ante perfecto para combatir el calor del verano y mantenerse hidratado. Ya sea sola o mezclada con agua, leche u otras bebidas, Hamdard Rooh Afza es una bebida imprescindible en cualquier hogar. Haga su pedido en l\u00ednea y saboree el sabor intemporal de Hamdard Rooh Afza, la elecci\u00f3n perfecta para refrescarse.<\/p>\n<\/div>\n<\/div>\n<\/div>\n<\/div>\n<\/div>\n<\/div>","protected":false},"excerpt":{"rendered":"<p>Sacia tu sed con el sabor refrescante y rejuvenecedor de Hamdard Rooh Afza. Esta botella de 800 ml contiene la ic\u00f3nica bebida veraniega que ha deleitado las papilas gustativas durante generaciones. Hamdard Rooh Afza es una deliciosa mezcla de ingredientes naturales, como frutas, hierbas y flores, cuidadosamente formulada para crear una bebida no alcoh\u00f3lica \u00fanica y vigorizante ....<\/p>","protected":false},"featured_media":2282,"comment_status":"closed","ping_status":"closed","template":"","meta":{"_kad_blocks_custom_css":"","_kad_blocks_head_custom_js":"","_kad_blocks_body_custom_js":"","_kad_blocks_footer_custom_js":"","_kadence_starter_templates_imported_post":false,"_kad_post_transparent":"default","_kad_post_title":"","_kad_post_layout":"default","_kad_post_sidebar_id":"","_kad_post_content_style":"default","_kad_post_vertical_padding":"default","_kad_post_feature":"","_kad_post_feature_position":"","_kad_post_header":false,"_kad_post_footer":false,"_kad_post_classname":""},"product_brand":[],"product_cat":[58],"product_tag":[],"class_list":{"0":"post-3033","1":"product","2":"type-product","3":"status-publish","4":"has-post-thumbnail","6":"product_cat-beverages","8":"first","9":"instock","10":"sold-individually","11":"shipping-taxable","12":"purchasable","13":"product-type-simple","14":"entry","15":"content-bg","16":"loop-entry"},"taxonomy_info":{"product_cat":[{"value":58,"label":"Beverages"}]},"featured_image_src_large":["https:\/\/sultanspices.es\/wp-content\/uploads\/2023\/07\/Rooh-Afza-1024x1024.jpg",1024,1024,true],"author_info":[],"comment_info":0,"jetpack_sharing_enabled":true,"_links":{"self":[{"href":"https:\/\/sultanspices.es\/es\/wp-json\/wp\/v2\/product\/3033","targetHints":{"allow":["GET"]}}],"collection":[{"href":"https:\/\/sultanspices.es\/es\/wp-json\/wp\/v2\/product"}],"about":[{"href":"https:\/\/sultanspices.es\/es\/wp-json\/wp\/v2\/types\/product"}],"replies":[{"embeddable":true,"href":"https:\/\/sultanspices.es\/es\/wp-json\/wp\/v2\/comments?post=3033"}],"wp:featuredmedia":[{"embeddable":true,"href":"https:\/\/sultanspices.es\/es\/wp-json\/wp\/v2\/media\/2282"}],"wp:attachment":[{"href":"https:\/\/sultanspices.es\/es\/wp-json\/wp\/v2\/media?parent=3033"}],"wp:term":[{"taxonomy":"product_brand","embeddable":true,"href":"https:\/\/sultanspices.es\/es\/wp-json\/wp\/v2\/product_brand?post=3033"},{"taxonomy":"product_cat","embeddable":true,"href":"https:\/\/sultanspices.es\/es\/wp-json\/wp\/v2\/product_cat?post=3033"},{"taxonomy":"product_tag","embeddable":true,"href":"https:\/\/sultanspices.es\/es\/wp-json\/wp\/v2\/product_tag?post=3033"}],"curies":[{"name":"wp","href":"https:\/\/api.w.org\/{rel}","templated":true}]}}