{"id":3021,"date":"2023-09-22T21:37:23","date_gmt":"2023-09-22T19:37:23","guid":{"rendered":"https:\/\/sultanspices.es\/?post_type=product&#038;p=3021"},"modified":"2025-07-19T10:59:36","modified_gmt":"2025-07-19T08:59:36","slug":"east-end-madras-curry-powder-1-kg-east-end","status":"publish","type":"product","link":"https:\/\/sultanspices.es\/es\/producto\/east-end-madras-curry-powder-1-kg-east-end\/","title":{"rendered":"EAST END CURRY DE MADR\u00c1S EN POLVO 1 KG EAST END"},"content":{"rendered":"<div class=\"group w-full text-gray-800 dark:text-gray-100 border-b border-black\/10 dark:border-gray-900\/50 bg-gray-50 dark:bg-[#444654]\">\n<div class=\"flex p-4 gap-4 text-base md:gap-6 md:max-w-2xl lg:max-w-[38rem] xl:max-w-3xl md:py-6 lg:px-0 m-auto\">\n<div class=\"relative flex w-[calc(100%-50px)] flex-col gap-1 md:gap-3 lg:w-[calc(100%-115px)]\">\n<div class=\"flex flex-grow flex-col gap-3\">\n<div class=\"min-h-[20px] flex items-start overflow-x-auto whitespace-pre-wrap break-words flex-col gap-4\">\n<div class=\"markdown prose w-full break-words dark:prose-invert light\">\n<p>A\u00f1ada una explosi\u00f3n de sabor aut\u00e9ntico a sus platos indios con el polvo de curry Madr\u00e1s de East End. Este paquete de 1 kg ofrece una mezcla audaz y arom\u00e1tica de especias, meticulosamente seleccionadas y mezcladas para recrear los sabores de la cocina de Madr\u00e1s. East End Madras Curry Powder es la elecci\u00f3n perfecta para crear deliciosos y aut\u00e9nticos currys, con su perfil de sabor rico y robusto. Combina las arom\u00e1ticas especias del cilantro, el comino y la c\u00farcuma, entre otras, para dar a sus platos un delicioso toque de picante y complejidad. Mejore su cocina con el sabor vibrante e irresistible del curry en polvo East End Madras y experimente la verdadera esencia de la cocina de Madr\u00e1s.<\/p>\n<\/div>\n<\/div>\n<\/div>\n<\/div>\n<\/div>\n<\/div>","protected":false},"excerpt":{"rendered":"<p>A\u00f1ada una explosi\u00f3n de sabor aut\u00e9ntico a sus platos indios con el polvo de curry Madr\u00e1s de East End. Este paquete de 1 kg ofrece una mezcla audaz y arom\u00e1tica de especias, meticulosamente seleccionadas y mezcladas para recrear los sabores de la cocina de Madr\u00e1s. East End Madras Curry Powder es la elecci\u00f3n perfecta para crear deliciosos y aut\u00e9nticos...<\/p>","protected":false},"featured_media":2307,"comment_status":"closed","ping_status":"closed","template":"","meta":{"_kad_blocks_custom_css":"","_kad_blocks_head_custom_js":"","_kad_blocks_body_custom_js":"","_kad_blocks_footer_custom_js":"","_kadence_starter_templates_imported_post":false,"_kad_post_transparent":"","_kad_post_title":"","_kad_post_layout":"","_kad_post_sidebar_id":"","_kad_post_content_style":"","_kad_post_vertical_padding":"","_kad_post_feature":"","_kad_post_feature_position":"","_kad_post_header":false,"_kad_post_footer":false,"_kad_post_classname":""},"product_brand":[],"product_cat":[49,50],"product_tag":[],"class_list":{"0":"post-3021","1":"product","2":"type-product","3":"status-publish","4":"has-post-thumbnail","6":"product_cat-mix-spices-seasoning","7":"product_cat-spices","9":"first","10":"outofstock","11":"sold-individually","12":"shipping-taxable","13":"purchasable","14":"product-type-simple","15":"entry","16":"content-bg","17":"loop-entry"},"taxonomy_info":{"product_cat":[{"value":49,"label":"Mix Spices &amp; Seasoning"},{"value":50,"label":"Spices"}]},"featured_image_src_large":["https:\/\/sultanspices.es\/wp-content\/uploads\/2023\/07\/EE-Madras-Curry-1kg.jpg",416,416,false],"author_info":[],"comment_info":0,"jetpack_sharing_enabled":true,"_links":{"self":[{"href":"https:\/\/sultanspices.es\/es\/wp-json\/wp\/v2\/product\/3021","targetHints":{"allow":["GET"]}}],"collection":[{"href":"https:\/\/sultanspices.es\/es\/wp-json\/wp\/v2\/product"}],"about":[{"href":"https:\/\/sultanspices.es\/es\/wp-json\/wp\/v2\/types\/product"}],"replies":[{"embeddable":true,"href":"https:\/\/sultanspices.es\/es\/wp-json\/wp\/v2\/comments?post=3021"}],"wp:featuredmedia":[{"embeddable":true,"href":"https:\/\/sultanspices.es\/es\/wp-json\/wp\/v2\/media\/2307"}],"wp:attachment":[{"href":"https:\/\/sultanspices.es\/es\/wp-json\/wp\/v2\/media?parent=3021"}],"wp:term":[{"taxonomy":"product_brand","embeddable":true,"href":"https:\/\/sultanspices.es\/es\/wp-json\/wp\/v2\/product_brand?post=3021"},{"taxonomy":"product_cat","embeddable":true,"href":"https:\/\/sultanspices.es\/es\/wp-json\/wp\/v2\/product_cat?post=3021"},{"taxonomy":"product_tag","embeddable":true,"href":"https:\/\/sultanspices.es\/es\/wp-json\/wp\/v2\/product_tag?post=3021"}],"curies":[{"name":"wp","href":"https:\/\/api.w.org\/{rel}","templated":true}]}}