{"id":3019,"date":"2023-09-22T21:37:23","date_gmt":"2023-09-22T19:37:23","guid":{"rendered":"https:\/\/sultanspices.es\/?post_type=product&#038;p=3019"},"modified":"2025-07-19T10:59:36","modified_gmt":"2025-07-19T08:59:36","slug":"east-end-kashmiri-masala-curry-paste-24kg","status":"publish","type":"product","link":"https:\/\/sultanspices.es\/es\/producto\/pasta-de-curry-east-end-kashmiri-masala-24kg\/","title":{"rendered":"PASTA DE CURRY EAST END KASHMIRI MASALA 2,4KG"},"content":{"rendered":"<div class=\"group w-full text-gray-800 dark:text-gray-100 border-b border-black\/10 dark:border-gray-900\/50 bg-gray-50 dark:bg-[#444654]\">\n<div class=\"flex p-4 gap-4 text-base md:gap-6 md:max-w-2xl lg:max-w-[38rem] xl:max-w-3xl md:py-6 lg:px-0 m-auto\">\n<div class=\"relative flex w-[calc(100%-50px)] flex-col gap-1 md:gap-3 lg:w-[calc(100%-115px)]\">\n<div class=\"flex flex-grow flex-col gap-3\">\n<div class=\"min-h-[20px] flex items-start overflow-x-auto whitespace-pre-wrap break-words flex-col gap-4\">\n<div class=\"markdown prose w-full break-words dark:prose-invert light\">\n<p>Experimente los vibrantes sabores de la cocina de Cachemira con la pasta de curry East End Kashmiri Masala. Esta tarrina de 2,4 kg ofrece un generoso suministro de aut\u00e9ntica pasta de curry de Cachemira, cuidadosamente elaborada con una mezcla de especias e ingredientes arom\u00e1ticos. La pasta de curry East End Kashmiri Masala captura la esencia de la cocina de Cachemira, conocida por sus ricos y arom\u00e1ticos currys. A\u00f1ade a sus platos favoritos una deliciosa profundidad de sabor y un picante suave pero inconfundible. Tanto si prepara un Rogan Josh tradicional como un sabroso curry de verduras o experimenta con recetas de fusi\u00f3n, esta vers\u00e1til pasta de curry le impresionar\u00e1. Gracias a su pr\u00e1ctico envase, podr\u00e1 dosificar f\u00e1cilmente la cantidad deseada para sus creaciones culinarias. Mejore su cocina con el aut\u00e9ntico sabor de la pasta de curry East End Kashmiri Masala y emb\u00e1rquese en un delicioso viaje a trav\u00e9s de los sabores de Cachemira.<\/p>\n<\/div>\n<\/div>\n<\/div>\n<\/div>\n<\/div>\n<\/div>","protected":false},"excerpt":{"rendered":"<p>Experimente los vibrantes sabores de la cocina de Cachemira con la pasta de curry East End Kashmiri Masala. Esta tarrina de 2,4 kg ofrece un generoso suministro de aut\u00e9ntica pasta de curry de Cachemira, cuidadosamente elaborada con una mezcla de especias e ingredientes arom\u00e1ticos. La pasta de curry East End Kashmiri Masala captura la esencia de la cocina de Cachemira, conocida por sus ricos y arom\u00e1ticos currys....<\/p>","protected":false},"featured_media":2296,"comment_status":"closed","ping_status":"closed","template":"","meta":{"_kad_blocks_custom_css":"","_kad_blocks_head_custom_js":"","_kad_blocks_body_custom_js":"","_kad_blocks_footer_custom_js":"","_kadence_starter_templates_imported_post":false,"_kad_post_transparent":"","_kad_post_title":"","_kad_post_layout":"","_kad_post_sidebar_id":"","_kad_post_content_style":"","_kad_post_vertical_padding":"","_kad_post_feature":"","_kad_post_feature_position":"","_kad_post_header":false,"_kad_post_footer":false,"_kad_post_classname":""},"product_brand":[],"product_cat":[55],"product_tag":[],"class_list":{"0":"post-3019","1":"product","2":"type-product","3":"status-publish","4":"has-post-thumbnail","6":"product_cat-pastes","8":"first","9":"outofstock","10":"sold-individually","11":"shipping-taxable","12":"purchasable","13":"product-type-simple","14":"entry","15":"content-bg","16":"loop-entry"},"taxonomy_info":{"product_cat":[{"value":55,"label":"Pastes, Pickles &amp; Sauces"}]},"featured_image_src_large":["https:\/\/sultanspices.es\/wp-content\/uploads\/2023\/07\/Eastend-Kashmiri-masala-paste.jpg",416,416,false],"author_info":[],"comment_info":0,"jetpack_sharing_enabled":true,"_links":{"self":[{"href":"https:\/\/sultanspices.es\/es\/wp-json\/wp\/v2\/product\/3019","targetHints":{"allow":["GET"]}}],"collection":[{"href":"https:\/\/sultanspices.es\/es\/wp-json\/wp\/v2\/product"}],"about":[{"href":"https:\/\/sultanspices.es\/es\/wp-json\/wp\/v2\/types\/product"}],"replies":[{"embeddable":true,"href":"https:\/\/sultanspices.es\/es\/wp-json\/wp\/v2\/comments?post=3019"}],"wp:featuredmedia":[{"embeddable":true,"href":"https:\/\/sultanspices.es\/es\/wp-json\/wp\/v2\/media\/2296"}],"wp:attachment":[{"href":"https:\/\/sultanspices.es\/es\/wp-json\/wp\/v2\/media?parent=3019"}],"wp:term":[{"taxonomy":"product_brand","embeddable":true,"href":"https:\/\/sultanspices.es\/es\/wp-json\/wp\/v2\/product_brand?post=3019"},{"taxonomy":"product_cat","embeddable":true,"href":"https:\/\/sultanspices.es\/es\/wp-json\/wp\/v2\/product_cat?post=3019"},{"taxonomy":"product_tag","embeddable":true,"href":"https:\/\/sultanspices.es\/es\/wp-json\/wp\/v2\/product_tag?post=3019"}],"curies":[{"name":"wp","href":"https:\/\/api.w.org\/{rel}","templated":true}]}}