{"id":3005,"date":"2023-09-22T21:37:23","date_gmt":"2023-09-22T19:37:23","guid":{"rendered":"https:\/\/sultanspices.es\/?post_type=product&#038;p=3005"},"modified":"2025-07-19T10:59:36","modified_gmt":"2025-07-19T08:59:36","slug":"bajra-flour-harina-de-mijo-1-kg-hf","status":"publish","type":"product","link":"https:\/\/sultanspices.es\/es\/producto\/bajra-harina-de-mijo-1-kg-hf\/","title":{"rendered":"HARINA DE BAJRA HARINA DE MIJO 1 KG HF"},"content":{"rendered":"<div class=\"group w-full text-gray-800 dark:text-gray-100 border-b border-black\/10 dark:border-gray-900\/50 bg-gray-50 dark:bg-[#444654]\">\n<div class=\"flex p-4 gap-4 text-base md:gap-6 md:max-w-2xl lg:max-w-[38rem] xl:max-w-3xl md:py-6 lg:px-0 m-auto\">\n<div class=\"relative flex w-[calc(100%-50px)] flex-col gap-1 md:gap-3 lg:w-[calc(100%-115px)]\">\n<div class=\"flex flex-grow flex-col gap-3\">\n<div class=\"min-h-[20px] flex items-start overflow-x-auto whitespace-pre-wrap break-words flex-col gap-4\">\n<div class=\"markdown prose w-full break-words dark:prose-invert light\">\n<p>Experimente los beneficios de la harina de bajra con la Harina de Mijo Hindustani Foods. Este paquete de 1 kg ofrece harina de bajra de alta calidad, tambi\u00e9n conocida como harina de mijo perla, conocida por sus beneficios nutricionales y su sabor \u00fanico. La Harina de Bajra de Hindustani Foods se muele cuidadosamente a la piedra para preservar su bondad y sabor naturales. Es un ingrediente popular en la cocina india, que se utiliza para hacer rotis tradicionales, panes planos y otras delicias. La harina de bajra no contiene gluten y es rica en fibra, lo que la convierte en una opci\u00f3n saludable para quienes tienen restricciones diet\u00e9ticas. Con su sabor terroso y a nuez, a\u00f1ade un sabor distintivo a sus platos. Incorpore la Harina de Bajra Harina de Mijo de Hindustani Foods a su cocina y saboree el saludable sabor y los beneficios nutricionales de esta vers\u00e1til harina.<\/p>\n<\/div>\n<\/div>\n<\/div>\n<\/div>\n<\/div>\n<\/div>","protected":false},"excerpt":{"rendered":"<p>Experimente los beneficios de la harina de bajra con la Harina de Mijo Hindustani Foods. Este paquete de 1 kg ofrece harina de bajra de alta calidad, tambi\u00e9n conocida como harina de mijo perla, conocida por sus beneficios nutricionales y su sabor \u00fanico. La Harina de Bajra de Hindustani Foods se muele cuidadosamente a la piedra para preservar su bondad y sabor naturales. Es un ingrediente popular...<\/p>","protected":false},"featured_media":0,"comment_status":"closed","ping_status":"closed","template":"","meta":{"_kad_blocks_custom_css":"","_kad_blocks_head_custom_js":"","_kad_blocks_body_custom_js":"","_kad_blocks_footer_custom_js":"","_kadence_starter_templates_imported_post":false,"_kad_post_transparent":"","_kad_post_title":"","_kad_post_layout":"","_kad_post_sidebar_id":"","_kad_post_content_style":"","_kad_post_vertical_padding":"","_kad_post_feature":"","_kad_post_feature_position":"","_kad_post_header":false,"_kad_post_footer":false,"_kad_post_classname":""},"product_brand":[],"product_cat":[52],"product_tag":[],"class_list":{"0":"post-3005","1":"product","2":"type-product","3":"status-publish","5":"product_cat-flour","7":"first","8":"outofstock","9":"sold-individually","10":"shipping-taxable","11":"purchasable","12":"product-type-simple","13":"entry","14":"content-bg","15":"loop-entry"},"taxonomy_info":{"product_cat":[{"value":52,"label":"Flour"}]},"featured_image_src_large":false,"author_info":[],"comment_info":0,"jetpack_sharing_enabled":true,"_links":{"self":[{"href":"https:\/\/sultanspices.es\/es\/wp-json\/wp\/v2\/product\/3005","targetHints":{"allow":["GET"]}}],"collection":[{"href":"https:\/\/sultanspices.es\/es\/wp-json\/wp\/v2\/product"}],"about":[{"href":"https:\/\/sultanspices.es\/es\/wp-json\/wp\/v2\/types\/product"}],"replies":[{"embeddable":true,"href":"https:\/\/sultanspices.es\/es\/wp-json\/wp\/v2\/comments?post=3005"}],"wp:attachment":[{"href":"https:\/\/sultanspices.es\/es\/wp-json\/wp\/v2\/media?parent=3005"}],"wp:term":[{"taxonomy":"product_brand","embeddable":true,"href":"https:\/\/sultanspices.es\/es\/wp-json\/wp\/v2\/product_brand?post=3005"},{"taxonomy":"product_cat","embeddable":true,"href":"https:\/\/sultanspices.es\/es\/wp-json\/wp\/v2\/product_cat?post=3005"},{"taxonomy":"product_tag","embeddable":true,"href":"https:\/\/sultanspices.es\/es\/wp-json\/wp\/v2\/product_tag?post=3005"}],"curies":[{"name":"wp","href":"https:\/\/api.w.org\/{rel}","templated":true}]}}