{"id":2999,"date":"2023-09-22T21:37:18","date_gmt":"2023-09-22T19:37:18","guid":{"rendered":"https:\/\/sultanspices.es\/?post_type=product&#038;p=2999"},"modified":"2026-04-08T00:00:29","modified_gmt":"2026-04-07T22:00:29","slug":"ali-baba-urid-daal-whole-500-g","status":"publish","type":"product","link":"https:\/\/sultanspices.es\/es\/producto\/ali-baba-urid-daal-whole-500-g\/","title":{"rendered":"URID ENTERO(ALUBIAS) ALI BABA 500G"},"content":{"rendered":"<div class=\"flex flex-grow flex-col gap-3\">\n<div class=\"min-h-[20px] flex items-start overflow-x-auto whitespace-pre-wrap break-words flex-col gap-4\">\n<div class=\"markdown prose w-full break-words dark:prose-invert light\">\n<p>Descubra el aut\u00e9ntico sabor y la versatilidad de Ali Baba Urid Daal Entero. Este paquete de 500 g ofrece urid daal entero de alta calidad, tambi\u00e9n conocido como gramo negro, famoso por su rico sabor y valor nutritivo. Ali Baba Urid Daal Entero se obtiene y envasa cuidadosamente para garantizar una calidad y frescura \u00f3ptimas. Estas peque\u00f1as lentejas negras est\u00e1n repletas de prote\u00ednas, fibra y minerales esenciales, lo que las convierte en una nutritiva adici\u00f3n a sus comidas. Se pueden utilizar en una gran variedad de platos, como los tradicionales daals indios, sopas, guisos e incluso sabrosas tortitas. Con su textura sustanciosa y su sabor terroso, Ali Baba Urid Daal Entero a\u00f1ade profundidad y riqueza a sus creaciones culinarias. Tanto si es un cocinero experimentado como un entusiasta de la cocina, Ali Baba Urid Daal Entero es un ingrediente imprescindible en su despensa. Experimente el rico sabor y los beneficios nutricionales de Ali Baba Urid Daal Entero y eleve su cocina a nuevas cotas de sabor y nutrici\u00f3n.<\/p>\n<\/div>\n<\/div>\n<\/div>","protected":false},"excerpt":{"rendered":"<p>Descubra el aut\u00e9ntico sabor y la versatilidad de Ali Baba Urid Daal Entero. Este paquete de 500 g ofrece urid daal entero de alta calidad, tambi\u00e9n conocido como gramo negro, famoso por su rico sabor y valor nutritivo. Ali Baba Urid Daal Entero se obtiene y envasa cuidadosamente para garantizar una calidad y frescura \u00f3ptimas. Estas peque\u00f1as lentejas negras se envasan...<\/p>","protected":false},"featured_media":3654,"comment_status":"closed","ping_status":"closed","template":"","meta":{"_kad_blocks_custom_css":"","_kad_blocks_head_custom_js":"","_kad_blocks_body_custom_js":"","_kad_blocks_footer_custom_js":"","_kadence_starter_templates_imported_post":false,"_kad_post_transparent":"default","_kad_post_title":"","_kad_post_layout":"default","_kad_post_sidebar_id":"","_kad_post_content_style":"default","_kad_post_vertical_padding":"default","_kad_post_feature":"","_kad_post_feature_position":"","_kad_post_header":false,"_kad_post_footer":false,"_kad_post_classname":""},"product_brand":[],"product_cat":[47],"product_tag":[],"class_list":{"0":"post-2999","1":"product","2":"type-product","3":"status-publish","4":"has-post-thumbnail","6":"product_cat-lentils","8":"first","9":"instock","10":"sold-individually","11":"shipping-taxable","12":"purchasable","13":"product-type-simple","14":"entry","15":"content-bg","16":"loop-entry"},"taxonomy_info":{"product_cat":[{"value":47,"label":"Lentils"}]},"featured_image_src_large":["https:\/\/sultanspices.es\/wp-content\/uploads\/2023\/09\/ProductsPIX-2023-11-04T174524.843-1024x1024.png",1024,1024,true],"author_info":[],"comment_info":0,"jetpack_sharing_enabled":true,"_links":{"self":[{"href":"https:\/\/sultanspices.es\/es\/wp-json\/wp\/v2\/product\/2999","targetHints":{"allow":["GET"]}}],"collection":[{"href":"https:\/\/sultanspices.es\/es\/wp-json\/wp\/v2\/product"}],"about":[{"href":"https:\/\/sultanspices.es\/es\/wp-json\/wp\/v2\/types\/product"}],"replies":[{"embeddable":true,"href":"https:\/\/sultanspices.es\/es\/wp-json\/wp\/v2\/comments?post=2999"}],"wp:featuredmedia":[{"embeddable":true,"href":"https:\/\/sultanspices.es\/es\/wp-json\/wp\/v2\/media\/3654"}],"wp:attachment":[{"href":"https:\/\/sultanspices.es\/es\/wp-json\/wp\/v2\/media?parent=2999"}],"wp:term":[{"taxonomy":"product_brand","embeddable":true,"href":"https:\/\/sultanspices.es\/es\/wp-json\/wp\/v2\/product_brand?post=2999"},{"taxonomy":"product_cat","embeddable":true,"href":"https:\/\/sultanspices.es\/es\/wp-json\/wp\/v2\/product_cat?post=2999"},{"taxonomy":"product_tag","embeddable":true,"href":"https:\/\/sultanspices.es\/es\/wp-json\/wp\/v2\/product_tag?post=2999"}],"curies":[{"name":"wp","href":"https:\/\/api.w.org\/{rel}","templated":true}]}}