{"id":2993,"date":"2023-09-22T21:37:18","date_gmt":"2023-09-22T19:37:18","guid":{"rendered":"https:\/\/sultanspices.es\/?post_type=product&#038;p=2993"},"modified":"2026-03-15T21:03:05","modified_gmt":"2026-03-15T20:03:05","slug":"ali-baba-pure-butter-ghee-500-g","status":"publish","type":"product","link":"https:\/\/sultanspices.es\/es\/producto\/ali-baba-pure-butter-ghee-500-g\/","title":{"rendered":"MANTEQUILLA GHEE ALI BABA 500G"},"content":{"rendered":"<div class=\"group w-full text-gray-800 dark:text-gray-100 border-b border-black\/10 dark:border-gray-900\/50 bg-gray-50 dark:bg-[#444654]\">\n<div class=\"flex p-4 gap-4 text-base md:gap-6 md:max-w-2xl lg:max-w-[38rem] xl:max-w-3xl md:py-6 lg:px-0 m-auto\">\n<div class=\"relative flex w-[calc(100%-50px)] flex-col gap-1 md:gap-3 lg:w-[calc(100%-115px)]\">\n<div class=\"flex flex-grow flex-col gap-3\">\n<div class=\"min-h-[20px] flex items-start overflow-x-auto whitespace-pre-wrap break-words flex-col gap-4\">\n<div class=\"markdown prose w-full break-words dark:prose-invert light\">\n<p>Del\u00e9itese con la rica y sabrosa experiencia del Ghee de Mantequilla Pura Ali Baba. Este paquete de 500 g ofrece ghee de primera calidad, elaborado a partir de mantequilla pura de leche de vaca, cuidadosamente elaborado a la perfecci\u00f3n. Ali Baba Pure Butter Ghee es conocido por su textura suave, su color dorado y su delicioso aroma. Aporta un sabor rico y mantecoso a sus platos, convirti\u00e9ndolo en un ingrediente vers\u00e1til para cocinar, hornear y fre\u00edr. Con su alto punto de humo, es ideal para la cocina india, donde resalta los sabores aut\u00e9nticos y realza el sabor del curry, los biryanis y otros platos tradicionales. Tanto si saltea verduras, prepara postres decadentes o simplemente lo unta en pan reci\u00e9n horneado, el Ghee de Mantequilla Pura Ali Baba elevar\u00e1 el sabor de sus recetas favoritas. Experimente la pura indulgencia de Ali Baba Pure Butter Ghee y eleve sus creaciones culinarias a nuevas cotas de sabor y aroma.<\/p>\n<\/div>\n<\/div>\n<\/div>\n<\/div>\n<\/div>\n<\/div>","protected":false},"excerpt":{"rendered":"<p>Del\u00e9itese con la rica y sabrosa experiencia del Ghee de Mantequilla Pura Ali Baba. Este paquete de 500 g ofrece ghee de primera calidad, elaborado a partir de mantequilla pura de leche de vaca, cuidadosamente elaborado a la perfecci\u00f3n. Ali Baba Pure Butter Ghee es conocido por su textura suave, su color dorado y su delicioso aroma. Aporta un sabor rico y mantecoso a sus platos,...<\/p>","protected":false},"featured_media":2327,"comment_status":"closed","ping_status":"closed","template":"","meta":{"_kad_blocks_custom_css":"","_kad_blocks_head_custom_js":"","_kad_blocks_body_custom_js":"","_kad_blocks_footer_custom_js":"","_kadence_starter_templates_imported_post":false,"_kad_post_transparent":"","_kad_post_title":"","_kad_post_layout":"","_kad_post_sidebar_id":"","_kad_post_content_style":"","_kad_post_vertical_padding":"","_kad_post_feature":"","_kad_post_feature_position":"","_kad_post_header":false,"_kad_post_footer":false,"_kad_post_classname":""},"product_brand":[],"product_cat":[61],"product_tag":[],"class_list":{"0":"post-2993","1":"product","2":"type-product","3":"status-publish","4":"has-post-thumbnail","6":"product_cat-dairy-productsghee","8":"first","9":"instock","10":"sale","11":"sold-individually","12":"shipping-taxable","13":"purchasable","14":"product-type-simple","15":"entry","16":"content-bg","17":"loop-entry"},"taxonomy_info":{"product_cat":[{"value":61,"label":"Dairy Products(ghee)"}]},"featured_image_src_large":["https:\/\/sultanspices.es\/wp-content\/uploads\/2023\/07\/Alibaba-butter-ghee-500g.webp",800,800,false],"author_info":[],"comment_info":0,"jetpack_sharing_enabled":true,"_links":{"self":[{"href":"https:\/\/sultanspices.es\/es\/wp-json\/wp\/v2\/product\/2993","targetHints":{"allow":["GET"]}}],"collection":[{"href":"https:\/\/sultanspices.es\/es\/wp-json\/wp\/v2\/product"}],"about":[{"href":"https:\/\/sultanspices.es\/es\/wp-json\/wp\/v2\/types\/product"}],"replies":[{"embeddable":true,"href":"https:\/\/sultanspices.es\/es\/wp-json\/wp\/v2\/comments?post=2993"}],"wp:featuredmedia":[{"embeddable":true,"href":"https:\/\/sultanspices.es\/es\/wp-json\/wp\/v2\/media\/2327"}],"wp:attachment":[{"href":"https:\/\/sultanspices.es\/es\/wp-json\/wp\/v2\/media?parent=2993"}],"wp:term":[{"taxonomy":"product_brand","embeddable":true,"href":"https:\/\/sultanspices.es\/es\/wp-json\/wp\/v2\/product_brand?post=2993"},{"taxonomy":"product_cat","embeddable":true,"href":"https:\/\/sultanspices.es\/es\/wp-json\/wp\/v2\/product_cat?post=2993"},{"taxonomy":"product_tag","embeddable":true,"href":"https:\/\/sultanspices.es\/es\/wp-json\/wp\/v2\/product_tag?post=2993"}],"curies":[{"name":"wp","href":"https:\/\/api.w.org\/{rel}","templated":true}]}}