{"id":2989,"date":"2023-09-22T21:37:18","date_gmt":"2023-09-22T19:37:18","guid":{"rendered":"https:\/\/sultanspices.es\/?post_type=product&#038;p=2989"},"modified":"2026-02-23T12:41:27","modified_gmt":"2026-02-23T11:41:27","slug":"ali-baba-haldi-1-kg","status":"publish","type":"product","link":"https:\/\/sultanspices.es\/es\/producto\/ali-baba-haldi-1-kg\/","title":{"rendered":"HALDI PWD ALI BABA 1KG"},"content":{"rendered":"<div class=\"group w-full text-gray-800 dark:text-gray-100 border-b border-black\/10 dark:border-gray-900\/50 bg-gray-50 dark:bg-[#444654]\">\n<div class=\"flex p-4 gap-4 text-base md:gap-6 md:max-w-2xl lg:max-w-[38rem] xl:max-w-3xl md:py-6 lg:px-0 m-auto\">\n<div class=\"relative flex w-[calc(100%-50px)] flex-col gap-1 md:gap-3 lg:w-[calc(100%-115px)]\">\n<div class=\"flex flex-grow flex-col gap-3\">\n<div class=\"min-h-[20px] flex items-start overflow-x-auto whitespace-pre-wrap break-words flex-col gap-4\">\n<div class=\"markdown prose w-full break-words dark:prose-invert light\">\n<p>Mejore sus creaciones culinarias con el vibrante y arom\u00e1tico Ali Baba Haldi. Este paquete de 1 kg ofrece c\u00farcuma en polvo de alta calidad, tambi\u00e9n conocida como haldi, famosa por su sabor caracter\u00edstico y su vibrante color amarillo. Ali Baba Haldi se elabora a partir de rizomas de c\u00farcuma cuidadosamente seleccionados, lo que garantiza una calidad y un sabor superiores. Es un ingrediente b\u00e1sico de la cocina india, muy utilizado por su sabor terroso y c\u00e1lido, as\u00ed como por sus numerosos beneficios para la salud. Tanto si lo a\u00f1ade al curry, a los adobos o incluso a la leche dorada, Ali Baba Haldi aporta profundidad de sabor y un hermoso matiz a sus platos. Experimente el aut\u00e9ntico sabor y el vibrante color del Ali Baba Haldi y disfrute de la rica herencia culinaria que aporta a su cocina.<\/p>\n<\/div>\n<\/div>\n<\/div>\n<\/div>\n<\/div>\n<\/div>","protected":false},"excerpt":{"rendered":"<p>Mejore sus creaciones culinarias con el vibrante y arom\u00e1tico Ali Baba Haldi. Este paquete de 1 kg ofrece c\u00farcuma en polvo de alta calidad, tambi\u00e9n conocida como haldi, famosa por su sabor caracter\u00edstico y su vibrante color amarillo. Ali Baba Haldi se elabora a partir de rizomas de c\u00farcuma cuidadosamente seleccionados, lo que garantiza una calidad y un sabor superiores. Es un ingrediente b\u00e1sico en la cocina india,...<\/p>","protected":false},"featured_media":2325,"comment_status":"closed","ping_status":"closed","template":"","meta":{"_kad_blocks_custom_css":"","_kad_blocks_head_custom_js":"","_kad_blocks_body_custom_js":"","_kad_blocks_footer_custom_js":"","_kadence_starter_templates_imported_post":false,"_kad_post_transparent":"","_kad_post_title":"","_kad_post_layout":"","_kad_post_sidebar_id":"","_kad_post_content_style":"","_kad_post_vertical_padding":"","_kad_post_feature":"","_kad_post_feature_position":"","_kad_post_header":false,"_kad_post_footer":false,"_kad_post_classname":""},"product_brand":[],"product_cat":[50],"product_tag":[],"class_list":{"0":"post-2989","1":"product","2":"type-product","3":"status-publish","4":"has-post-thumbnail","6":"product_cat-spices","8":"first","9":"instock","10":"sale","11":"sold-individually","12":"shipping-taxable","13":"purchasable","14":"product-type-simple","15":"entry","16":"content-bg","17":"loop-entry"},"taxonomy_info":{"product_cat":[{"value":50,"label":"Spices"}]},"featured_image_src_large":["https:\/\/sultanspices.es\/wp-content\/uploads\/2023\/07\/Alibaba-1kg-haldi-671x1024.jpeg",671,1024,true],"author_info":[],"comment_info":0,"jetpack_sharing_enabled":true,"_links":{"self":[{"href":"https:\/\/sultanspices.es\/es\/wp-json\/wp\/v2\/product\/2989","targetHints":{"allow":["GET"]}}],"collection":[{"href":"https:\/\/sultanspices.es\/es\/wp-json\/wp\/v2\/product"}],"about":[{"href":"https:\/\/sultanspices.es\/es\/wp-json\/wp\/v2\/types\/product"}],"replies":[{"embeddable":true,"href":"https:\/\/sultanspices.es\/es\/wp-json\/wp\/v2\/comments?post=2989"}],"wp:featuredmedia":[{"embeddable":true,"href":"https:\/\/sultanspices.es\/es\/wp-json\/wp\/v2\/media\/2325"}],"wp:attachment":[{"href":"https:\/\/sultanspices.es\/es\/wp-json\/wp\/v2\/media?parent=2989"}],"wp:term":[{"taxonomy":"product_brand","embeddable":true,"href":"https:\/\/sultanspices.es\/es\/wp-json\/wp\/v2\/product_brand?post=2989"},{"taxonomy":"product_cat","embeddable":true,"href":"https:\/\/sultanspices.es\/es\/wp-json\/wp\/v2\/product_cat?post=2989"},{"taxonomy":"product_tag","embeddable":true,"href":"https:\/\/sultanspices.es\/es\/wp-json\/wp\/v2\/product_tag?post=2989"}],"curies":[{"name":"wp","href":"https:\/\/api.w.org\/{rel}","templated":true}]}}