{"id":2988,"date":"2023-09-22T21:37:17","date_gmt":"2023-09-22T19:37:17","guid":{"rendered":"https:\/\/sultanspices.es\/?post_type=product&#038;p=2988"},"modified":"2026-02-23T12:40:46","modified_gmt":"2026-02-23T11:40:46","slug":"ali-baba-gram-masla-100-g","status":"publish","type":"product","link":"https:\/\/sultanspices.es\/es\/producto\/ali-baba-gram-masla-100-g\/","title":{"rendered":"GARAM MASALA ALI BABA ENTERO 100G"},"content":{"rendered":"<div class=\"group w-full text-gray-800 dark:text-gray-100 border-b border-black\/10 dark:border-gray-900\/50 bg-gray-50 dark:bg-[#444654]\">\n<div class=\"flex p-4 gap-4 text-base md:gap-6 md:max-w-2xl lg:max-w-[38rem] xl:max-w-3xl md:py-6 lg:px-0 m-auto\">\n<div class=\"relative flex w-[calc(100%-50px)] flex-col gap-1 md:gap-3 lg:w-[calc(100%-115px)]\">\n<div class=\"flex flex-grow flex-col gap-3\">\n<div class=\"min-h-[20px] flex items-start overflow-x-auto whitespace-pre-wrap break-words flex-col gap-4\">\n<div class=\"markdown prose w-full break-words dark:prose-invert light\">\n<p>Experimente el arom\u00e1tico y sabroso Ali Baba Garam Masala. Este paquete de 100 g ofrece una mezcla de especias de primera calidad, cuidadosamente elaborada a la perfecci\u00f3n. Ali Baba Garam Masala es una vers\u00e1til mezcla de especias utilizada habitualmente en la cocina india para a\u00f1adir profundidad y complejidad a una gran variedad de platos. Combina especias c\u00e1lidas y arom\u00e1ticas como el cardamomo, la canela y el clavo, entre otras, creando un perfil de sabor equilibrado y arom\u00e1tico. Ali Baba Garam Masala es perfecto para realzar el sabor del curry, los arroces, los adobos y las verduras asadas. Con su aroma rico y acogedor, Ali Baba Garam Masala aporta una deliciosa calidez a sus creaciones culinarias. Tanto si es un cocinero experimentado como un amante de la cocina, Ali Baba Garam Masala es una mezcla de especias que no puede faltar en su cocina. Experimente los sabores aut\u00e9nticos y eleve sus platos a un nuevo nivel de exquisitez con Ali Baba Garam Masala.<\/p>\n<\/div>\n<\/div>\n<\/div>\n<\/div>\n<\/div>\n<\/div>","protected":false},"excerpt":{"rendered":"<p>Experimente el arom\u00e1tico y sabroso Ali Baba Garam Masala. Este paquete de 100 g ofrece una mezcla de especias de primera calidad, cuidadosamente elaborada a la perfecci\u00f3n. Ali Baba Garam Masala es una vers\u00e1til mezcla de especias utilizada habitualmente en la cocina india para a\u00f1adir profundidad y complejidad a una gran variedad de platos. Combina especias c\u00e1lidas y arom\u00e1ticas como cardamomo, canela,...<\/p>","protected":false},"featured_media":0,"comment_status":"closed","ping_status":"closed","template":"","meta":{"_kad_blocks_custom_css":"","_kad_blocks_head_custom_js":"","_kad_blocks_body_custom_js":"","_kad_blocks_footer_custom_js":"","_kadence_starter_templates_imported_post":false,"_kad_post_transparent":"default","_kad_post_title":"","_kad_post_layout":"default","_kad_post_sidebar_id":"","_kad_post_content_style":"default","_kad_post_vertical_padding":"default","_kad_post_feature":"","_kad_post_feature_position":"","_kad_post_header":false,"_kad_post_footer":false,"_kad_post_classname":""},"product_brand":[],"product_cat":[50],"product_tag":[],"class_list":{"0":"post-2988","1":"product","2":"type-product","3":"status-publish","5":"product_cat-spices","7":"first","8":"instock","9":"sale","10":"sold-individually","11":"shipping-taxable","12":"purchasable","13":"product-type-simple","14":"entry","15":"content-bg","16":"loop-entry"},"taxonomy_info":{"product_cat":[{"value":50,"label":"Spices"}]},"featured_image_src_large":false,"author_info":[],"comment_info":0,"jetpack_sharing_enabled":true,"_links":{"self":[{"href":"https:\/\/sultanspices.es\/es\/wp-json\/wp\/v2\/product\/2988","targetHints":{"allow":["GET"]}}],"collection":[{"href":"https:\/\/sultanspices.es\/es\/wp-json\/wp\/v2\/product"}],"about":[{"href":"https:\/\/sultanspices.es\/es\/wp-json\/wp\/v2\/types\/product"}],"replies":[{"embeddable":true,"href":"https:\/\/sultanspices.es\/es\/wp-json\/wp\/v2\/comments?post=2988"}],"wp:attachment":[{"href":"https:\/\/sultanspices.es\/es\/wp-json\/wp\/v2\/media?parent=2988"}],"wp:term":[{"taxonomy":"product_brand","embeddable":true,"href":"https:\/\/sultanspices.es\/es\/wp-json\/wp\/v2\/product_brand?post=2988"},{"taxonomy":"product_cat","embeddable":true,"href":"https:\/\/sultanspices.es\/es\/wp-json\/wp\/v2\/product_cat?post=2988"},{"taxonomy":"product_tag","embeddable":true,"href":"https:\/\/sultanspices.es\/es\/wp-json\/wp\/v2\/product_tag?post=2988"}],"curies":[{"name":"wp","href":"https:\/\/api.w.org\/{rel}","templated":true}]}}