{"id":2986,"date":"2023-09-22T21:37:17","date_gmt":"2023-09-22T19:37:17","guid":{"rendered":"https:\/\/sultanspices.es\/?post_type=product&#038;p=2986"},"modified":"2026-02-23T12:40:43","modified_gmt":"2026-02-23T11:40:43","slug":"ali-baba-dhania-whole-750-g","status":"publish","type":"product","link":"https:\/\/sultanspices.es\/es\/producto\/ali-baba-dhania-whole-750-g\/","title":{"rendered":"DHANIA(CORIANDER) WHOLE ALI BABA 750G"},"content":{"rendered":"<div class=\"group w-full text-gray-800 dark:text-gray-100 border-b border-black\/10 dark:border-gray-900\/50 bg-gray-50 dark:bg-[#444654]\">\n<div class=\"flex p-4 gap-4 text-base md:gap-6 md:max-w-2xl lg:max-w-[38rem] xl:max-w-3xl md:py-6 lg:px-0 m-auto\">\n<div class=\"relative flex w-[calc(100%-50px)] flex-col gap-1 md:gap-3 lg:w-[calc(100%-115px)]\">\n<div class=\"flex flex-grow flex-col gap-3\">\n<div class=\"min-h-[20px] flex items-start overflow-x-auto whitespace-pre-wrap break-words flex-col gap-4\">\n<div class=\"result-streaming markdown prose w-full break-words dark:prose-invert light\">\n<p>Experimente el sabor fresco y arom\u00e1tico de Ali Baba Dhania Entero. Este paquete de 750 g ofrece semillas enteras de cilantro de alta calidad, tambi\u00e9n conocidas como semillas dhania, famosas por su sabor y fragancia \u00fanicos. Ali Baba Dhania Entero se obtiene y envasa cuidadosamente para garantizar una calidad y frescura \u00f3ptimas. Estas semillas se utilizan habitualmente en la cocina india y de Oriente Medio para a\u00f1adir un sutil sabor c\u00edtrico y terroso al curry, los encurtidos, los chutneys y las mezclas de especias. Ali Baba Dhania entera puede molerse o tostarse para liberar todo su potencial de sabor. Con su sabor y aroma caracter\u00edsticos, estas semillas de cilantro enteras aportan un delicioso frescor a sus creaciones culinarias. Tanto si cocina en casa como si es un chef profesional, Ali Baba Dhania Entero es una especia vers\u00e1til que a\u00f1ade profundidad y complejidad a sus recetas. Experimente el aut\u00e9ntico sabor y aroma de Ali Baba Dhania Entero y eleve sus platos a un nuevo nivel de sabor.<\/p>\n<\/div>\n<\/div>\n<\/div>\n<\/div>\n<\/div>\n<\/div>","protected":false},"excerpt":{"rendered":"<p>Experimente el sabor fresco y arom\u00e1tico de Ali Baba Dhania Entero. Este paquete de 750 g ofrece semillas enteras de cilantro de alta calidad, tambi\u00e9n conocidas como semillas dhania, famosas por su sabor y fragancia \u00fanicos. Ali Baba Dhania Entero se obtiene y envasa cuidadosamente para garantizar una calidad y frescura \u00f3ptimas. Estas semillas se utilizan com\u00fanmente en la...<\/p>","protected":false},"featured_media":2359,"comment_status":"closed","ping_status":"closed","template":"","meta":{"_kad_blocks_custom_css":"","_kad_blocks_head_custom_js":"","_kad_blocks_body_custom_js":"","_kad_blocks_footer_custom_js":"","_kadence_starter_templates_imported_post":false,"_kad_post_transparent":"","_kad_post_title":"","_kad_post_layout":"","_kad_post_sidebar_id":"","_kad_post_content_style":"","_kad_post_vertical_padding":"","_kad_post_feature":"","_kad_post_feature_position":"","_kad_post_header":false,"_kad_post_footer":false,"_kad_post_classname":""},"product_brand":[],"product_cat":[50],"product_tag":[],"class_list":{"0":"post-2986","1":"product","2":"type-product","3":"status-publish","4":"has-post-thumbnail","6":"product_cat-spices","8":"first","9":"instock","10":"sold-individually","11":"shipping-taxable","12":"purchasable","13":"product-type-simple","14":"entry","15":"content-bg","16":"loop-entry"},"taxonomy_info":{"product_cat":[{"value":50,"label":"Spices"}]},"featured_image_src_large":["https:\/\/sultanspices.es\/wp-content\/uploads\/2023\/07\/Alibaba-Dhania-Whole.jpeg",181,278,false],"author_info":[],"comment_info":0,"jetpack_sharing_enabled":true,"_links":{"self":[{"href":"https:\/\/sultanspices.es\/es\/wp-json\/wp\/v2\/product\/2986","targetHints":{"allow":["GET"]}}],"collection":[{"href":"https:\/\/sultanspices.es\/es\/wp-json\/wp\/v2\/product"}],"about":[{"href":"https:\/\/sultanspices.es\/es\/wp-json\/wp\/v2\/types\/product"}],"replies":[{"embeddable":true,"href":"https:\/\/sultanspices.es\/es\/wp-json\/wp\/v2\/comments?post=2986"}],"wp:featuredmedia":[{"embeddable":true,"href":"https:\/\/sultanspices.es\/es\/wp-json\/wp\/v2\/media\/2359"}],"wp:attachment":[{"href":"https:\/\/sultanspices.es\/es\/wp-json\/wp\/v2\/media?parent=2986"}],"wp:term":[{"taxonomy":"product_brand","embeddable":true,"href":"https:\/\/sultanspices.es\/es\/wp-json\/wp\/v2\/product_brand?post=2986"},{"taxonomy":"product_cat","embeddable":true,"href":"https:\/\/sultanspices.es\/es\/wp-json\/wp\/v2\/product_cat?post=2986"},{"taxonomy":"product_tag","embeddable":true,"href":"https:\/\/sultanspices.es\/es\/wp-json\/wp\/v2\/product_tag?post=2986"}],"curies":[{"name":"wp","href":"https:\/\/api.w.org\/{rel}","templated":true}]}}