{"id":2983,"date":"2023-09-22T21:37:17","date_gmt":"2023-09-22T19:37:17","guid":{"rendered":"https:\/\/sultanspices.es\/?post_type=product&#038;p=2983"},"modified":"2026-04-01T23:00:07","modified_gmt":"2026-04-01T21:00:07","slug":"ali-baba-chilli-powder-1-kg","status":"publish","type":"product","link":"https:\/\/sultanspices.es\/es\/producto\/ali-baba-chilli-polvo-1-kg\/","title":{"rendered":"CHILE EN POLVO ALI BABA 1 KG"},"content":{"rendered":"<div class=\"group w-full text-gray-800 dark:text-gray-100 border-b border-black\/10 dark:border-gray-900\/50 bg-gray-50 dark:bg-[#444654]\">\n<div class=\"flex p-4 gap-4 text-base md:gap-6 md:max-w-2xl lg:max-w-[38rem] xl:max-w-3xl md:py-6 lg:px-0 m-auto\">\n<div class=\"relative flex w-[calc(100%-50px)] flex-col gap-1 md:gap-3 lg:w-[calc(100%-115px)]\">\n<div class=\"flex flex-grow flex-col gap-3\">\n<div class=\"min-h-[20px] flex items-start overflow-x-auto whitespace-pre-wrap break-words flex-col gap-4\">\n<div class=\"markdown prose w-full break-words dark:prose-invert light\">\n<p>Condimente sus platos con el ardiente picante de Ali Baba Chilli Powder Hot. Este paquete de 1 kg ofrece chile picante en polvo de alta calidad, famoso por su sabor intenso y atrevido. Ali Baba Chilli Powder Hot se obtiene y envasa cuidadosamente para garantizar una calidad y frescura \u00f3ptimas. Se elabora a partir de una mezcla de guindillas picantes, secas y molidas a la perfecci\u00f3n. Esta especia a\u00f1ade un toque picante a sus platos favoritos, ya sea en currys, adobos, sopas o aperitivos. Con su vibrante color rojo y su intenso picante, Ali Baba Chilli Powder Hot aporta un tentador y ardiente sabor a sus creaciones culinarias. Tanto si es un entusiasta de las especias como un amante de la comida picante, Ali Baba Chilli Powder Hot es una especia que no puede faltar en su cocina. Experimente el calor que hace la boca agua y realce los sabores de sus platos con Ali Baba Chilli Powder Hot.<\/p>\n<\/div>\n<\/div>\n<\/div>\n<\/div>\n<\/div>\n<\/div>","protected":false},"excerpt":{"rendered":"<p>Condimente sus platos con el ardiente picante de Ali Baba Chilli Powder Hot. Este paquete de 1 kg ofrece chile picante en polvo de alta calidad, famoso por su sabor intenso y atrevido. Ali Baba Chilli Powder Hot se obtiene y envasa cuidadosamente para garantizar una calidad y frescura \u00f3ptimas. Est\u00e1 elaborado con una mezcla de...<\/p>","protected":false},"featured_media":3651,"comment_status":"closed","ping_status":"closed","template":"","meta":{"_kad_blocks_custom_css":"","_kad_blocks_head_custom_js":"","_kad_blocks_body_custom_js":"","_kad_blocks_footer_custom_js":"","_kadence_starter_templates_imported_post":false,"_kad_post_transparent":"default","_kad_post_title":"","_kad_post_layout":"default","_kad_post_sidebar_id":"","_kad_post_content_style":"default","_kad_post_vertical_padding":"default","_kad_post_feature":"","_kad_post_feature_position":"","_kad_post_header":false,"_kad_post_footer":false,"_kad_post_classname":""},"product_brand":[],"product_cat":[50],"product_tag":[],"class_list":{"0":"post-2983","1":"product","2":"type-product","3":"status-publish","4":"has-post-thumbnail","6":"product_cat-spices","8":"first","9":"instock","10":"sold-individually","11":"shipping-taxable","12":"purchasable","13":"product-type-simple","14":"entry","15":"content-bg","16":"loop-entry"},"taxonomy_info":{"product_cat":[{"value":50,"label":"Spices"}]},"featured_image_src_large":["https:\/\/sultanspices.es\/wp-content\/uploads\/2023\/09\/ProductsPIX-2023-11-04T174114.505-1024x1024.png",1024,1024,true],"author_info":[],"comment_info":0,"jetpack_sharing_enabled":true,"_links":{"self":[{"href":"https:\/\/sultanspices.es\/es\/wp-json\/wp\/v2\/product\/2983","targetHints":{"allow":["GET"]}}],"collection":[{"href":"https:\/\/sultanspices.es\/es\/wp-json\/wp\/v2\/product"}],"about":[{"href":"https:\/\/sultanspices.es\/es\/wp-json\/wp\/v2\/types\/product"}],"replies":[{"embeddable":true,"href":"https:\/\/sultanspices.es\/es\/wp-json\/wp\/v2\/comments?post=2983"}],"wp:featuredmedia":[{"embeddable":true,"href":"https:\/\/sultanspices.es\/es\/wp-json\/wp\/v2\/media\/3651"}],"wp:attachment":[{"href":"https:\/\/sultanspices.es\/es\/wp-json\/wp\/v2\/media?parent=2983"}],"wp:term":[{"taxonomy":"product_brand","embeddable":true,"href":"https:\/\/sultanspices.es\/es\/wp-json\/wp\/v2\/product_brand?post=2983"},{"taxonomy":"product_cat","embeddable":true,"href":"https:\/\/sultanspices.es\/es\/wp-json\/wp\/v2\/product_cat?post=2983"},{"taxonomy":"product_tag","embeddable":true,"href":"https:\/\/sultanspices.es\/es\/wp-json\/wp\/v2\/product_tag?post=2983"}],"curies":[{"name":"wp","href":"https:\/\/api.w.org\/{rel}","templated":true}]}}