{"id":2982,"date":"2023-09-22T21:37:17","date_gmt":"2023-09-22T19:37:17","guid":{"rendered":"https:\/\/sultanspices.es\/?post_type=product&#038;p=2982"},"modified":"2026-04-08T10:23:19","modified_gmt":"2026-04-08T08:23:19","slug":"ali-baba-chick-peas-chany-500-g","status":"publish","type":"product","link":"https:\/\/sultanspices.es\/es\/producto\/ali-baba-chick-peas-chany-500-g\/","title":{"rendered":"GARBANZOS ALI BABA 500G"},"content":{"rendered":"<div class=\"group w-full text-gray-800 dark:text-gray-100 border-b border-black\/10 dark:border-gray-900\/50 bg-gray-50 dark:bg-[#444654]\">\n<div class=\"flex p-4 gap-4 text-base md:gap-6 md:max-w-2xl lg:max-w-[38rem] xl:max-w-3xl md:py-6 lg:px-0 m-auto\">\n<div class=\"relative flex w-[calc(100%-50px)] flex-col gap-1 md:gap-3 lg:w-[calc(100%-115px)]\">\n<div class=\"flex flex-grow flex-col gap-3\">\n<div class=\"min-h-[20px] flex items-start overflow-x-auto whitespace-pre-wrap break-words flex-col gap-4\">\n<div class=\"markdown prose w-full break-words dark:prose-invert light\">\n<p>Del\u00e9itese con el rico sabor a nuez de los garbanzos Ali Baba (Chany). Este paquete de 500 g ofrece garbanzos de alta calidad, tambi\u00e9n conocidos como chany, famosos por su versatilidad y valor nutritivo. Los garbanzos Ali Baba se seleccionan y envasan cuidadosamente para garantizar una calidad y frescura \u00f3ptimas. Estas legumbres son un alimento b\u00e1sico en diversas cocinas, conocidas por su textura cremosa y sabor terroso. Los garbanzos son una gran fuente de prote\u00ednas vegetales y fibra, lo que los convierte en una nutritiva adici\u00f3n a sus comidas. Se pueden utilizar en una gran variedad de platos, como curry, ensaladas, sopas y hummus. Con su sabor suave y a nuez, los garbanzos Ali Baba (Chany) a\u00f1aden profundidad y sustancia a sus creaciones culinarias. Tanto si cocina en casa como si es un chef profesional, los garbanzos Ali Baba (Chany) son un ingrediente vers\u00e1til que aporta sabor y nutrici\u00f3n a sus recetas. Experimente la calidad y el sabor excepcionales de los Garbanzos Ali Baba y eleve su cocina a nuevas cotas de exquisitez.<\/p>\n<\/div>\n<\/div>\n<\/div>\n<\/div>\n<\/div>\n<\/div>","protected":false},"excerpt":{"rendered":"<p>Del\u00e9itese con el rico sabor a nuez de los garbanzos Ali Baba (Chany). Este paquete de 500 g ofrece garbanzos de alta calidad, tambi\u00e9n conocidos como chany, famosos por su versatilidad y valor nutritivo. Los garbanzos Ali Baba se seleccionan y envasan cuidadosamente para garantizar una calidad y frescura \u00f3ptimas. Estas legumbres son un alimento b\u00e1sico en diversas cocinas, conocidas por...<\/p>","protected":false},"featured_media":2361,"comment_status":"closed","ping_status":"closed","template":"","meta":{"_kad_blocks_custom_css":"","_kad_blocks_head_custom_js":"","_kad_blocks_body_custom_js":"","_kad_blocks_footer_custom_js":"","_kadence_starter_templates_imported_post":false,"_kad_post_transparent":"","_kad_post_title":"","_kad_post_layout":"","_kad_post_sidebar_id":"","_kad_post_content_style":"","_kad_post_vertical_padding":"","_kad_post_feature":"","_kad_post_feature_position":"","_kad_post_header":false,"_kad_post_footer":false,"_kad_post_classname":""},"product_brand":[],"product_cat":[47],"product_tag":[],"class_list":{"0":"post-2982","1":"product","2":"type-product","3":"status-publish","4":"has-post-thumbnail","6":"product_cat-lentils","8":"first","9":"instock","10":"sold-individually","11":"shipping-taxable","12":"purchasable","13":"product-type-simple","14":"entry","15":"content-bg","16":"loop-entry"},"taxonomy_info":{"product_cat":[{"value":47,"label":"Lentils"}]},"featured_image_src_large":["https:\/\/sultanspices.es\/wp-content\/uploads\/2023\/07\/Alibaba-Chick-Peas.webp",800,800,false],"author_info":[],"comment_info":0,"jetpack_sharing_enabled":true,"_links":{"self":[{"href":"https:\/\/sultanspices.es\/es\/wp-json\/wp\/v2\/product\/2982","targetHints":{"allow":["GET"]}}],"collection":[{"href":"https:\/\/sultanspices.es\/es\/wp-json\/wp\/v2\/product"}],"about":[{"href":"https:\/\/sultanspices.es\/es\/wp-json\/wp\/v2\/types\/product"}],"replies":[{"embeddable":true,"href":"https:\/\/sultanspices.es\/es\/wp-json\/wp\/v2\/comments?post=2982"}],"wp:featuredmedia":[{"embeddable":true,"href":"https:\/\/sultanspices.es\/es\/wp-json\/wp\/v2\/media\/2361"}],"wp:attachment":[{"href":"https:\/\/sultanspices.es\/es\/wp-json\/wp\/v2\/media?parent=2982"}],"wp:term":[{"taxonomy":"product_brand","embeddable":true,"href":"https:\/\/sultanspices.es\/es\/wp-json\/wp\/v2\/product_brand?post=2982"},{"taxonomy":"product_cat","embeddable":true,"href":"https:\/\/sultanspices.es\/es\/wp-json\/wp\/v2\/product_cat?post=2982"},{"taxonomy":"product_tag","embeddable":true,"href":"https:\/\/sultanspices.es\/es\/wp-json\/wp\/v2\/product_tag?post=2982"}],"curies":[{"name":"wp","href":"https:\/\/api.w.org\/{rel}","templated":true}]}}