{"id":2974,"date":"2023-09-22T21:37:17","date_gmt":"2023-09-22T19:37:17","guid":{"rendered":"https:\/\/sultanspices.es\/?post_type=product&#038;p=2974"},"modified":"2026-02-23T12:40:39","modified_gmt":"2026-02-23T11:40:39","slug":"ali-baba-dalchani-400g","status":"publish","type":"product","link":"https:\/\/sultanspices.es\/es\/producto\/ali-baba-dalchani-400g\/","title":{"rendered":"DALCHINI ENTERO ALI BABA 400G"},"content":{"rendered":"<div class=\"flex flex-grow flex-col gap-3\">\n<div class=\"min-h-[20px] flex items-start overflow-x-auto whitespace-pre-wrap break-words flex-col gap-4\">\n<div class=\"markdown prose w-full break-words dark:prose-invert light\">\n<p>Experimente el arom\u00e1tico y sabroso Ali Baba Dalchini, tambi\u00e9n conocido como canela en rama. Este paquete de 400 g ofrece canela en rama de alta calidad, famosa por su sabor c\u00e1lido y dulce. Ali Baba Dalchini se obtiene y envasa cuidadosamente para garantizar una calidad y frescura \u00f3ptimas. Estas ramitas de canela se utilizan habitualmente en la cocina y la reposter\u00eda para a\u00f1adir un delicioso aroma y sabor a una gran variedad de platos. Pueden utilizarse tanto en recetas saladas como dulces, como curry, arroces, postres y bebidas calientes. Con su fragancia inconfundible y reconfortante, Ali Baba Dalchini aporta un toque de calidez y riqueza a sus creaciones culinarias. Tanto si es un chef profesional como un cocinero casero, Ali Baba Dalchini es una especia vers\u00e1til que a\u00f1ade profundidad y complejidad a sus recetas. Experimente el aut\u00e9ntico sabor y aroma de Ali Baba Dalchini y eleve sus platos a un nuevo nivel de sabor.<\/p>\n<\/div>\n<\/div>\n<\/div>","protected":false},"excerpt":{"rendered":"<p>Experimente el arom\u00e1tico y sabroso Ali Baba Dalchini, tambi\u00e9n conocido como canela en rama. Este paquete de 400 g ofrece canela en rama de alta calidad, famosa por su sabor c\u00e1lido y dulce. Ali Baba Dalchini se obtiene y envasa cuidadosamente para garantizar una calidad y frescura \u00f3ptimas. Estas ramitas de canela se utilizan habitualmente en la cocina y la reposter\u00eda para...<\/p>","protected":false},"featured_media":2348,"comment_status":"closed","ping_status":"closed","template":"","meta":{"_kad_blocks_custom_css":"","_kad_blocks_head_custom_js":"","_kad_blocks_body_custom_js":"","_kad_blocks_footer_custom_js":"","_kadence_starter_templates_imported_post":false,"_kad_post_transparent":"","_kad_post_title":"","_kad_post_layout":"","_kad_post_sidebar_id":"","_kad_post_content_style":"","_kad_post_vertical_padding":"","_kad_post_feature":"","_kad_post_feature_position":"","_kad_post_header":false,"_kad_post_footer":false,"_kad_post_classname":""},"product_brand":[],"product_cat":[50],"product_tag":[],"class_list":{"0":"post-2974","1":"product","2":"type-product","3":"status-publish","4":"has-post-thumbnail","6":"product_cat-spices","8":"first","9":"instock","10":"sold-individually","11":"shipping-taxable","12":"purchasable","13":"product-type-simple","14":"entry","15":"content-bg","16":"loop-entry"},"taxonomy_info":{"product_cat":[{"value":50,"label":"Spices"}]},"featured_image_src_large":["https:\/\/sultanspices.es\/wp-content\/uploads\/2023\/07\/AlibabaDalchini400g-1024x1024.webp",1024,1024,true],"author_info":[],"comment_info":0,"jetpack_sharing_enabled":true,"_links":{"self":[{"href":"https:\/\/sultanspices.es\/es\/wp-json\/wp\/v2\/product\/2974","targetHints":{"allow":["GET"]}}],"collection":[{"href":"https:\/\/sultanspices.es\/es\/wp-json\/wp\/v2\/product"}],"about":[{"href":"https:\/\/sultanspices.es\/es\/wp-json\/wp\/v2\/types\/product"}],"replies":[{"embeddable":true,"href":"https:\/\/sultanspices.es\/es\/wp-json\/wp\/v2\/comments?post=2974"}],"wp:featuredmedia":[{"embeddable":true,"href":"https:\/\/sultanspices.es\/es\/wp-json\/wp\/v2\/media\/2348"}],"wp:attachment":[{"href":"https:\/\/sultanspices.es\/es\/wp-json\/wp\/v2\/media?parent=2974"}],"wp:term":[{"taxonomy":"product_brand","embeddable":true,"href":"https:\/\/sultanspices.es\/es\/wp-json\/wp\/v2\/product_brand?post=2974"},{"taxonomy":"product_cat","embeddable":true,"href":"https:\/\/sultanspices.es\/es\/wp-json\/wp\/v2\/product_cat?post=2974"},{"taxonomy":"product_tag","embeddable":true,"href":"https:\/\/sultanspices.es\/es\/wp-json\/wp\/v2\/product_tag?post=2974"}],"curies":[{"name":"wp","href":"https:\/\/api.w.org\/{rel}","templated":true}]}}