{"id":2972,"date":"2023-09-22T21:37:16","date_gmt":"2023-09-22T19:37:16","guid":{"rendered":"https:\/\/sultanspices.es\/?post_type=product&#038;p=2972"},"modified":"2025-07-19T10:59:34","modified_gmt":"2025-07-19T08:59:34","slug":"ajinomoto-454g","status":"publish","type":"product","link":"https:\/\/sultanspices.es\/es\/producto\/ajinomoto-454g\/","title":{"rendered":"AJINOMOTO 454G"},"content":{"rendered":"<div class=\"group w-full text-gray-800 dark:text-gray-100 border-b border-black\/10 dark:border-gray-900\/50 bg-gray-50 dark:bg-[#444654]\">\n<div class=\"flex p-4 gap-4 text-base md:gap-6 md:max-w-2xl lg:max-w-[38rem] xl:max-w-3xl md:py-6 lg:px-0 m-auto\">\n<div class=\"relative flex w-[calc(100%-50px)] flex-col gap-1 md:gap-3 lg:w-[calc(100%-115px)]\">\n<div class=\"flex flex-grow flex-col gap-3\">\n<div class=\"min-h-[20px] flex items-start overflow-x-auto whitespace-pre-wrap break-words flex-col gap-4\">\n<div class=\"markdown prose w-full break-words dark:prose-invert light\">\n<p>Descubra el poder potenciador del umami de Ajinomoto. Este envase de 454 g ofrece Ajinomoto de alta calidad, tambi\u00e9n conocido como glutamato monos\u00f3dico (GMS), famoso por su capacidad para realzar el sabor de diversos platos. Ajinomoto se produce y envasa cuidadosamente para garantizar una calidad y frescura \u00f3ptimas. Se utiliza habitualmente como condimento en la cocina asi\u00e1tica, a\u00f1adiendo un sabor sabroso y umami a los salteados, sopas, adobos y otros platos. Con sus exclusivas propiedades potenciadoras del sabor, Ajinomoto eleva el gusto y realza los sabores naturales de sus platos favoritos. Tanto si es un chef profesional como un cocinero casero, Ajinomoto es un ingrediente vers\u00e1til que a\u00f1ade profundidad y complejidad a sus recetas. Experimente las excepcionales cualidades potenciadoras del sabor de Ajinomoto y lleve sus creaciones culinarias a nuevas cotas de sabor.<\/p>\n<\/div>\n<\/div>\n<\/div>\n<\/div>\n<\/div>\n<\/div>","protected":false},"excerpt":{"rendered":"<p>Descubra el poder potenciador del umami de Ajinomoto. Este envase de 454 g ofrece Ajinomoto de alta calidad, tambi\u00e9n conocido como glutamato monos\u00f3dico (GMS), famoso por su capacidad para realzar el sabor de diversos platos. Ajinomoto se produce y envasa cuidadosamente para garantizar una calidad y frescura \u00f3ptimas. Se utiliza habitualmente como condimento en la cocina asi\u00e1tica,...<\/p>","protected":false},"featured_media":2351,"comment_status":"closed","ping_status":"closed","template":"","meta":{"_kad_blocks_custom_css":"","_kad_blocks_head_custom_js":"","_kad_blocks_body_custom_js":"","_kad_blocks_footer_custom_js":"","_kadence_starter_templates_imported_post":false,"_kad_post_transparent":"","_kad_post_title":"","_kad_post_layout":"","_kad_post_sidebar_id":"","_kad_post_content_style":"","_kad_post_vertical_padding":"","_kad_post_feature":"","_kad_post_feature_position":"","_kad_post_header":false,"_kad_post_footer":false,"_kad_post_classname":""},"product_brand":[],"product_cat":[50],"product_tag":[],"class_list":{"0":"post-2972","1":"product","2":"type-product","3":"status-publish","4":"has-post-thumbnail","6":"product_cat-spices","8":"first","9":"outofstock","10":"sold-individually","11":"shipping-taxable","12":"purchasable","13":"product-type-simple","14":"entry","15":"content-bg","16":"loop-entry"},"taxonomy_info":{"product_cat":[{"value":50,"label":"Spices"}]},"featured_image_src_large":["https:\/\/sultanspices.es\/wp-content\/uploads\/2023\/07\/Ajinomoto-454g.jpg",600,600,false],"author_info":[],"comment_info":0,"jetpack_sharing_enabled":true,"_links":{"self":[{"href":"https:\/\/sultanspices.es\/es\/wp-json\/wp\/v2\/product\/2972","targetHints":{"allow":["GET"]}}],"collection":[{"href":"https:\/\/sultanspices.es\/es\/wp-json\/wp\/v2\/product"}],"about":[{"href":"https:\/\/sultanspices.es\/es\/wp-json\/wp\/v2\/types\/product"}],"replies":[{"embeddable":true,"href":"https:\/\/sultanspices.es\/es\/wp-json\/wp\/v2\/comments?post=2972"}],"wp:featuredmedia":[{"embeddable":true,"href":"https:\/\/sultanspices.es\/es\/wp-json\/wp\/v2\/media\/2351"}],"wp:attachment":[{"href":"https:\/\/sultanspices.es\/es\/wp-json\/wp\/v2\/media?parent=2972"}],"wp:term":[{"taxonomy":"product_brand","embeddable":true,"href":"https:\/\/sultanspices.es\/es\/wp-json\/wp\/v2\/product_brand?post=2972"},{"taxonomy":"product_cat","embeddable":true,"href":"https:\/\/sultanspices.es\/es\/wp-json\/wp\/v2\/product_cat?post=2972"},{"taxonomy":"product_tag","embeddable":true,"href":"https:\/\/sultanspices.es\/es\/wp-json\/wp\/v2\/product_tag?post=2972"}],"curies":[{"name":"wp","href":"https:\/\/api.w.org\/{rel}","templated":true}]}}